{"id":9961,"date":"2024-09-19T10:02:46","date_gmt":"2024-09-19T09:02:46","guid":{"rendered":"https:\/\/antenasgsm.com\/tienda\/?post_type=product&#038;p=9961"},"modified":"2025-08-25T09:32:37","modified_gmt":"2025-08-25T08:32:37","slug":"vectronics-mesh-pro","status":"publish","type":"product","link":"https:\/\/antenasgsm.com\/tienda\/productos\/vectronics-mesh-pro\/","title":{"rendered":"Vectronics Mesh Pro"},"content":{"rendered":"<p>Este producto es un dispositivo de red avanzado que ofrece un <strong>rendimiento de alta velocidad<\/strong> y funcionalidad avanzada. Est\u00e1 impulsado por un <strong>procesador dual-core ARM Cortex-A53 a 1.3GHz<\/strong>, proporcionando un procesamiento r\u00e1pido y eficiente. Incorpora un <strong>chip independiente de WIFI6, el MT7976CN<\/strong>, capaz de alcanzar <strong>velocidades de hasta 3000Mbps<\/strong>, ideal para garantizar una conexi\u00f3n inal\u00e1mbrica estable y r\u00e1pida.<\/p>\n<p>Cuenta con <strong>256MB de memoria DDR3<\/strong> de alta velocidad y <strong>128MB de almacenamiento SPI NAND Flash<\/strong>, proporcionando un rendimiento robusto en el manejo de datos. Dispone de un <strong>puerto WAN y tres puertos LAN adaptativos de 1000M<\/strong> con soporte para auto MDI\/MDIX, facilitando la conexi\u00f3n y configuraci\u00f3n autom\u00e1tica. Este dispositivo incluye caracter\u00edsticas de f\u00e1cil uso como el <strong>modo de recuperaci\u00f3n de firmware<\/strong> mediante un &#8220;modo de flash&#8221; de un solo bot\u00f3n y soporte para la creaci\u00f3n de <strong>redes MESH con un solo clic<\/strong>.<\/p>\n<p>Adem\u00e1s, su <strong>antena externa de alta ganancia<\/strong> proporciona una <strong>cobertura de se\u00f1al WIFI de 360 grados<\/strong> sin zonas muertas, garantizando una cobertura total en cualquier espacio.<\/p>\n<h2>Especificaciones de Hardware<\/h2>\n<h3>Interfaz<\/h3>\n<table>\n<tbody>\n<tr>\n<th>Interfaz<\/th>\n<td>1 puerto WAN, 1000Mbps con soporte para cambio autom\u00e1tico (Auto MDI\/MDIX)<br \/>\nCumple con IEEE 802.3\/802.3u\/802.ab<br \/>\n3 puertos LAN, 1000Mbps con soporte para cambio autom\u00e1tico (Auto MDI\/MDIX)<br \/>\nCumple con IEEE 802.3\/802.3u\/802.ab<\/td>\n<\/tr>\n<tr>\n<th>Alimentaci\u00f3n<\/th>\n<td>DC5.0*2.1MM<\/td>\n<\/tr>\n<tr>\n<th>Botones<\/th>\n<td>1*Reset, MESH *1<\/td>\n<\/tr>\n<tr>\n<th>Antenas<\/th>\n<td>2 antenas omnidireccionales 5dbi 2.4G, externas<br \/>\n3 antenas omnidireccionales 5dbi 5.8G, externas<\/td>\n<\/tr>\n<\/tbody>\n<\/table>\n<h3>Luces indicadoras<\/h3>\n<table>\n<tbody>\n<tr>\n<th>LED MESH<\/th>\n<td>1. La luz roja se enciende durante el proceso de arranque, cuando se completa el arranque, la luz roja se apaga y la luz verde se enciende.<br \/>\n2. Presione el bot\u00f3n de MESH para entrar en el estado de emparejamiento MESH, la luz verde parpadea una vez por segundo, y las dem\u00e1s luces se apagan.<br \/>\n3. La red del dispositivo principal es normal, las luces verde y azul se encienden al mismo tiempo (cian).<br \/>\n4. La conexi\u00f3n MESH del dispositivo secundario es exitosa, la luz verde y la luz roja se encienden al mismo tiempo (naranja) cuando la distancia es lejana, y la luz verde y azul se encienden al mismo tiempo (cian) cuando la distancia es adecuada.<\/td>\n<\/tr>\n<tr>\n<th>LED WAN<\/th>\n<td>Conectado al puerto de Internet, siempre est\u00e1 encendido y parpadea cuando hay comunicaci\u00f3n de datos.<\/td>\n<\/tr>\n<tr>\n<th>LED LAN1<\/th>\n<td>Conectado al puerto de Internet, siempre est\u00e1 encendido y parpadea cuando hay comunicaci\u00f3n de datos.<\/td>\n<\/tr>\n<tr>\n<th>LED LAN2<\/th>\n<td>Conectado al puerto de Internet, siempre est\u00e1 encendido y parpadea cuando hay comunicaci\u00f3n de datos.<\/td>\n<\/tr>\n<tr>\n<th>LED LAN3<\/th>\n<td>Conectado al puerto de Internet, siempre est\u00e1 encendido y parpadea cuando hay comunicaci\u00f3n de datos.<\/td>\n<\/tr>\n<tr>\n<th>LED 2.4G<\/th>\n<td>El WIFI 2.4G est\u00e1 siempre encendido despu\u00e9s del arranque y parpadea cuando hay comunicaci\u00f3n de datos.<\/td>\n<\/tr>\n<tr>\n<th>LED 5.8G<\/th>\n<td>El WIFI 5.8G est\u00e1 siempre encendido despu\u00e9s del arranque y parpadea cuando hay comunicaci\u00f3n de datos.<\/td>\n<\/tr>\n<tr>\n<th>LED POWER<\/th>\n<td>El indicador de alimentaci\u00f3n est\u00e1 siempre encendido cuando el suministro el\u00e9ctrico es normal, y se apaga cuando el suministro es anormal.<\/td>\n<\/tr>\n<\/tbody>\n<\/table>\n<h3>Hardware<\/h3>\n<table>\n<tbody>\n<tr>\n<th>CPU<\/th>\n<td>MT7981B ARM Cortex-A53 CPU de doble n\u00facleo, frecuencia principal de 1.3GHz<\/td>\n<\/tr>\n<tr>\n<th>Chipset WIFI<\/th>\n<td>MT7976CN IEEE 802.11n\/g\/b\/a\/ac\/ax, velocidad m\u00e1xima 3000Mbps<\/td>\n<\/tr>\n<tr>\n<th>RAM<\/th>\n<td>DDR3 256MB<\/td>\n<\/tr>\n<tr>\n<th>FLASH<\/th>\n<td>Flash 16MB (Opcional), SPI NAND Flash 128MB<\/td>\n<\/tr>\n<\/tbody>\n<\/table>\n<p>&nbsp;<\/p>\n","protected":false},"excerpt":{"rendered":"<p>Este producto es un dispositivo <strong>repetidor de red avanzado<\/strong> que gracias a su <strong>antena externa de alta ganancia<\/strong> proporciona una <strong>cobertura de se\u00f1al WIFI de 360 grados<\/strong> sin zonas muertas, garantizando una cobertura total en cualquier espacio.<\/p>\n","protected":false},"featured_media":9966,"comment_status":"open","ping_status":"closed","template":"","meta":[],"product_brand":[],"product_cat":[109],"product_tag":[329,110,108,328,111],"class_list":{"0":"post-9961","1":"product","2":"type-product","3":"status-publish","4":"has-post-thumbnail","6":"product_cat-repetidores-wifi","7":"product_tag-n300","8":"product_tag-repetidor","9":"product_tag-router","10":"product_tag-tp-link","11":"product_tag-wifi","13":"first","14":"instock","15":"sale","16":"taxable","17":"shipping-taxable","18":"purchasable","19":"product-type-simple"},"bundled_by":[],"bundle_stock_status":"instock","bundle_stock_quantity":1,"bundle_virtual":false,"bundle_layout":"","bundle_add_to_cart_form_location":"","bundle_editable_in_cart":false,"bundle_sold_individually_context":"","bundle_item_grouping":"","bundle_min_size":"","bundle_max_size":"","bundle_price":[],"bundled_items":[],"bundle_sell_ids":[],"_links":{"self":[{"href":"https:\/\/antenasgsm.com\/tienda\/wp-json\/wp\/v2\/product\/9961","targetHints":{"allow":["GET"]}}],"collection":[{"href":"https:\/\/antenasgsm.com\/tienda\/wp-json\/wp\/v2\/product"}],"about":[{"href":"https:\/\/antenasgsm.com\/tienda\/wp-json\/wp\/v2\/types\/product"}],"replies":[{"embeddable":true,"href":"https:\/\/antenasgsm.com\/tienda\/wp-json\/wp\/v2\/comments?post=9961"}],"wp:featuredmedia":[{"embeddable":true,"href":"https:\/\/antenasgsm.com\/tienda\/wp-json\/wp\/v2\/media\/9966"}],"wp:attachment":[{"href":"https:\/\/antenasgsm.com\/tienda\/wp-json\/wp\/v2\/media?parent=9961"}],"wp:term":[{"taxonomy":"product_brand","embeddable":true,"href":"https:\/\/antenasgsm.com\/tienda\/wp-json\/wp\/v2\/product_brand?post=9961"},{"taxonomy":"product_cat","embeddable":true,"href":"https:\/\/antenasgsm.com\/tienda\/wp-json\/wp\/v2\/product_cat?post=9961"},{"taxonomy":"product_tag","embeddable":true,"href":"https:\/\/antenasgsm.com\/tienda\/wp-json\/wp\/v2\/product_tag?post=9961"}],"curies":[{"name":"wp","href":"https:\/\/api.w.org\/{rel}","templated":true}]}}