{"id":9621,"date":"2023-11-30T08:43:27","date_gmt":"2023-11-30T07:43:27","guid":{"rendered":"https:\/\/antenasgsm.com\/tienda\/?post_type=product&#038;p=9621"},"modified":"2024-07-08T10:25:09","modified_gmt":"2024-07-08T09:25:09","slug":"tp-link-archer-mr-router-4g","status":"publish","type":"product","link":"https:\/\/antenasgsm.com\/tienda\/productos\/tp-link-archer-mr-router-4g\/","title":{"rendered":"TP-Link Archer Router 4G"},"content":{"rendered":"\r\n<p><strong>Disfruta de velocidad 4G+<\/strong> compartida en cualquier lugar. 4G+ Cat6 AC300 Wireless Dual Band Gigabit Router Archer<\/p>\r\n\r\n\r\n\r\n<p><strong>Potencia tu velocidad 4G+.<\/strong> Soporta 4G+ Cat6, el cual usa tecnolog\u00eda Carrier Aggregation (agregaci\u00f3n de enlaces) para potenciar la velocidad de transmisi\u00f3n de datos hasta 300 Mbps. Insterta tu tarjeta SIM y disfruta de pel\u00edculas en calidad HD sin interrupciones, descarga ficheros en cuesti\u00f3n de segundos, y disfruta de juegos online de manera fluida.<\/p>\r\n\r\n\r\n\r\n<p><strong>Puertos completos Gigabit para una conectividad consumada.<\/strong> Los puertos Ethernet Completamente Gigabit proporcionan velocidades asombrosas y conexiones fiable para dispositivos de intensidad elevada como tu smart TV, consolas de juego, NAS, y m\u00e1s.<\/p>\r\n\r\n\r\n\r\n<p><strong>Wi-Fi donde lo necesitas.<\/strong> Disfrute de una comodidad y versatilidad sin igual. A\u00f1os de pruebas de campo para asegurar compatibilidad universal con doble antena avanzada LTE para hacer llegar una conexi\u00f3n fluida. Simplemente inserta una tarjeta micro SIM y enciende esta elegante pieza de tecnolog\u00eda para usar un Wi-Fi r\u00e1pido estable, ya est\u00e9s en tu casa o trabajando de manera remota.<\/p>\r\n\r\n\r\n\r\n<p><strong>Tienes una tarjeta SIM? \u00a1Enchufa y listo!<\/strong> Con un m\u00f3dem 4G+ integrado y una ranura de tarjeta incorporada, todo lo que necesitas hacer es insertar una tarjeta micro SIM y encender el Router. Disfrutar de una red 4G+ nunca ha sido m\u00e1s sencillo.<\/p>\r\n\r\n\r\n\r\n<p><strong>Acceso seguro para hasta 64 equipos simult\u00e1neos.<\/strong> Comparte facilmente conexi\u00f3n 3G\/4G con hasta 64 dispositivos inal\u00e1mbricos, como m\u00f3viles, tabletas, o port\u00e1tiles, al mismo tiempo. 4 puertos LAN listos para proporcionar internet a equipos cableados como ordenadores de sobremesa.<\/p>\r\n\r\n\r\n\r\n<p><strong>Compatible TP-Link OneMesh.<\/strong> Trabaja junto a la gama de productos One Mesh de TP-Link, para crear una red Mesh m\u00e1s flexible y efectiva con un s\u00f3lo nombre Wi-Fi para proporcionar una cobertura sin costuras a tu hogar. *Extensor de Rango OneMesh o Adaptador Powerline vendidos por separado.<\/p>\r\n\r\n\r\n\r\n<p><strong>Configuraci\u00f3n f\u00e1cil y mantenimiento.<\/strong> Configura el Archer MR en cuesti\u00f3n de minutos gracias a su interfaz web intuitiva y a la potente aplicaci\u00f3n Tether. La app Tether tambi\u00e9n le permite gestionar los ajustes de la red desde cualquier dispositivo Android e iOS, incluido control parental y control de acceso.<\/p>\r\n\r\n\r\n\r\n<p>&nbsp;<\/p>\r\n\r\n\r\n\r\n<h2 class=\"wp-block-heading\">Especificaciones t\u00e9cnicas<\/h2>\r\n\r\n\r\n\r\n<figure class=\"wp-block-table\">\r\n<table>\r\n<thead>\r\n<tr>\r\n<th>Marca<\/th>\r\n<th>Modelo<\/th>\r\n<th>Tipo conexi\u00f3n WIFI<\/th>\r\n<th>Puertos Ethernet<\/th>\r\n<th>Peso<\/th>\r\n<\/tr>\r\n<\/thead>\r\n<tbody>\r\n<tr>\r\n<td>TP-Link<\/td>\r\n<td>Archer 6400<\/td>\r\n<td>802.11n, 802.11b, 802.11a, 802.11g, 802.11ac<\/td>\r\n<td>4<\/td>\r\n<td>250 gr<\/td>\r\n<\/tr>\r\n<\/tbody>\r\n<\/table>\r\n<\/figure>\r\n\r\n\r\n\r\n<p>&nbsp;<\/p>\r\n","protected":false},"excerpt":{"rendered":"<p><strong>Disfruta de velocidad 4G+<\/strong> compartida en cualquier lugar. 4G+ Cat6 AC300 Wireless Dual Band Gigabit Router Archer MR200<\/p>\n","protected":false},"featured_media":9624,"comment_status":"open","ping_status":"closed","template":"","meta":[],"product_brand":[],"product_cat":[107],"product_tag":[108],"class_list":{"0":"post-9621","1":"product","2":"type-product","3":"status-publish","4":"has-post-thumbnail","6":"product_cat-routers-4g-5g","7":"product_tag-router","9":"first","10":"onbackorder","11":"sale","12":"taxable","13":"shipping-taxable","14":"purchasable","15":"product-type-simple"},"bundled_by":[],"bundle_stock_status":"onbackorder","bundle_stock_quantity":-4,"bundle_virtual":false,"bundle_layout":"","bundle_add_to_cart_form_location":"","bundle_editable_in_cart":false,"bundle_sold_individually_context":"","bundle_item_grouping":"","bundle_min_size":"","bundle_max_size":"","bundle_price":[],"bundled_items":[],"bundle_sell_ids":[],"_links":{"self":[{"href":"https:\/\/antenasgsm.com\/tienda\/wp-json\/wp\/v2\/product\/9621","targetHints":{"allow":["GET"]}}],"collection":[{"href":"https:\/\/antenasgsm.com\/tienda\/wp-json\/wp\/v2\/product"}],"about":[{"href":"https:\/\/antenasgsm.com\/tienda\/wp-json\/wp\/v2\/types\/product"}],"replies":[{"embeddable":true,"href":"https:\/\/antenasgsm.com\/tienda\/wp-json\/wp\/v2\/comments?post=9621"}],"wp:featuredmedia":[{"embeddable":true,"href":"https:\/\/antenasgsm.com\/tienda\/wp-json\/wp\/v2\/media\/9624"}],"wp:attachment":[{"href":"https:\/\/antenasgsm.com\/tienda\/wp-json\/wp\/v2\/media?parent=9621"}],"wp:term":[{"taxonomy":"product_brand","embeddable":true,"href":"https:\/\/antenasgsm.com\/tienda\/wp-json\/wp\/v2\/product_brand?post=9621"},{"taxonomy":"product_cat","embeddable":true,"href":"https:\/\/antenasgsm.com\/tienda\/wp-json\/wp\/v2\/product_cat?post=9621"},{"taxonomy":"product_tag","embeddable":true,"href":"https:\/\/antenasgsm.com\/tienda\/wp-json\/wp\/v2\/product_tag?post=9621"}],"curies":[{"name":"wp","href":"https:\/\/api.w.org\/{rel}","templated":true}]}}