{"id":9331,"date":"2023-01-23T16:19:53","date_gmt":"2023-01-23T15:19:53","guid":{"rendered":"https:\/\/antenasgsm.com\/tienda\/?post_type=product&#038;p=9331"},"modified":"2025-03-21T09:29:09","modified_gmt":"2025-03-21T08:29:09","slug":"acoplador-de-senal-7db","status":"publish","type":"product","link":"https:\/\/antenasgsm.com\/tienda\/productos\/acoplador-de-senal-7db\/","title":{"rendered":"Acoplador de se\u00f1al &#8211; 7dB"},"content":{"rendered":"\r\n<p>Un acoplador de se\u00f1al (o coupler en ingl\u00e9s), es un dispositivo electr\u00f3nico que permite dividir una se\u00f1al de entrada en dos se\u00f1ales de salida con salidas de potencia desiguales. Los acopladores de se\u00f1al son indicados para realizar distribuci\u00f3n de se\u00f1al en l\u00ednea, de donde van saliendo ramales con antenas individuales o grupos de antenas interiores.<\/p>\r\n<p>Rango de frecuencia: <strong>698-2700 Mhz<\/strong><br \/>Impedancia: <strong>50\u03a9<\/strong><br \/>Acoplamiento (dB): <strong>5 dB &#8211; 25 dB<\/strong><br \/>P\u00e9rdida insertada (dB): <strong>\u22642,0<\/strong><br \/><strong><br \/><br \/><\/strong><\/p>\r\n\r\n\r\n\r\n<figure class=\"wp-block-gallery has-nested-images columns-default is-cropped wp-block-gallery-1 is-layout-flex wp-block-gallery-is-layout-flex\">\r\n<figure class=\"wp-block-image size-large\"><img loading=\"lazy\" decoding=\"async\" data-id=\"8567\" class=\"alignnone wp-image-9326 size-medium\" src=\"https:\/\/antenasgsm.com\/tienda\/wp-content\/uploads\/2023\/01\/foto-acoplador-senal-800x332.jpg\" alt=\"\" width=\"800\" height=\"332\" srcset=\"https:\/\/antenasgsm.com\/tienda\/wp-content\/uploads\/2023\/01\/foto-acoplador-senal-800x332.jpg 800w, https:\/\/antenasgsm.com\/tienda\/wp-content\/uploads\/2023\/01\/foto-acoplador-senal-247x103.jpg 247w, https:\/\/antenasgsm.com\/tienda\/wp-content\/uploads\/2023\/01\/foto-acoplador-senal-510x212.jpg 510w, https:\/\/antenasgsm.com\/tienda\/wp-content\/uploads\/2023\/01\/foto-acoplador-senal-64x27.jpg 64w, https:\/\/antenasgsm.com\/tienda\/wp-content\/uploads\/2023\/01\/foto-acoplador-senal-280x116.jpg 280w, https:\/\/antenasgsm.com\/tienda\/wp-content\/uploads\/2023\/01\/foto-acoplador-senal-120x50.jpg 120w, https:\/\/antenasgsm.com\/tienda\/wp-content\/uploads\/2023\/01\/foto-acoplador-senal-600x249.jpg 600w, https:\/\/antenasgsm.com\/tienda\/wp-content\/uploads\/2023\/01\/foto-acoplador-senal.jpg 1218w\" sizes=\"auto, (max-width: 800px) 100vw, 800px\" \/><\/figure>\r\n<\/figure>\r\n","protected":false},"excerpt":{"rendered":"<p>Un acoplador de se\u00f1al (o coupler en ingl\u00e9s), es un dispositivo electr\u00f3nico que permite dividir una se\u00f1al de entrada en dos se\u00f1ales de salida con salidas de potencia desiguales. Los acopladores de se\u00f1al son indicados para realizar distribuci\u00f3n de se\u00f1al en l\u00ednea, de donde van saliendo ramales con antenas individuales o grupos de antenas interiores&#8230;.<\/p>\n","protected":false},"featured_media":9325,"comment_status":"open","ping_status":"closed","template":"","meta":[],"product_brand":[],"product_cat":[280,28],"product_tag":[],"class_list":{"0":"post-9331","1":"product","2":"type-product","3":"status-publish","4":"has-post-thumbnail","6":"product_cat-adaptadores","7":"product_cat-cables-y-montaje","9":"first","10":"instock","11":"sale","12":"taxable","13":"shipping-taxable","14":"purchasable","15":"product-type-simple"},"bundled_by":[],"bundle_stock_status":"instock","bundle_stock_quantity":1,"bundle_virtual":false,"bundle_layout":"","bundle_add_to_cart_form_location":"","bundle_editable_in_cart":false,"bundle_sold_individually_context":"","bundle_item_grouping":"","bundle_min_size":"","bundle_max_size":"","bundle_price":[],"bundled_items":[],"bundle_sell_ids":[],"_links":{"self":[{"href":"https:\/\/antenasgsm.com\/tienda\/wp-json\/wp\/v2\/product\/9331","targetHints":{"allow":["GET"]}}],"collection":[{"href":"https:\/\/antenasgsm.com\/tienda\/wp-json\/wp\/v2\/product"}],"about":[{"href":"https:\/\/antenasgsm.com\/tienda\/wp-json\/wp\/v2\/types\/product"}],"replies":[{"embeddable":true,"href":"https:\/\/antenasgsm.com\/tienda\/wp-json\/wp\/v2\/comments?post=9331"}],"wp:featuredmedia":[{"embeddable":true,"href":"https:\/\/antenasgsm.com\/tienda\/wp-json\/wp\/v2\/media\/9325"}],"wp:attachment":[{"href":"https:\/\/antenasgsm.com\/tienda\/wp-json\/wp\/v2\/media?parent=9331"}],"wp:term":[{"taxonomy":"product_brand","embeddable":true,"href":"https:\/\/antenasgsm.com\/tienda\/wp-json\/wp\/v2\/product_brand?post=9331"},{"taxonomy":"product_cat","embeddable":true,"href":"https:\/\/antenasgsm.com\/tienda\/wp-json\/wp\/v2\/product_cat?post=9331"},{"taxonomy":"product_tag","embeddable":true,"href":"https:\/\/antenasgsm.com\/tienda\/wp-json\/wp\/v2\/product_tag?post=9331"}],"curies":[{"name":"wp","href":"https:\/\/api.w.org\/{rel}","templated":true}]}}