{"id":8562,"date":"2022-05-20T15:19:21","date_gmt":"2022-05-20T14:19:21","guid":{"rendered":"https:\/\/antenasgsm.com\/tienda\/?post_type=product&#038;p=8562"},"modified":"2026-01-02T13:19:32","modified_gmt":"2026-01-02T12:19:32","slug":"splitter-3-vias","status":"publish","type":"product","link":"https:\/\/antenasgsm.com\/tienda\/productos\/splitter-3-vias\/","title":{"rendered":"Splitter \/ divisor se\u00f1al 3 v\u00edas"},"content":{"rendered":"\r\n<p>Un splitter, o divisor de se\u00f1al, es un dispositivo electr\u00f3nico que permite dividir una se\u00f1al de entrada en varias se\u00f1ales de salida, cada una de ellas con el mismo nivel de se\u00f1al. Los divisores de se\u00f1al se utilizan a menudo en sistemas de comunicaciones para distribuir una se\u00f1al en varias salidas. En este caso, la se\u00f1al de entrada se divide al 50% y se reparte en tres salidas.<\/p>\r\n<p>Conector: <strong>tipo N<\/strong><br \/>Rango de frecuencia: <strong>700-2700mhz<\/strong><br \/>Impedancia: <strong>50\u03a9<\/strong><br \/>Rango de temperatura: <strong>-55 \u00b0C a + 125 \u00b0C<br \/><\/strong>N\u00famero de entradas:<strong> 1<br \/><\/strong>N\u00famero de salidas:<strong> 3<\/strong><\/p>\r\n\r\n\r\n\r\n<figure class=\"wp-block-gallery has-nested-images columns-default is-cropped wp-block-gallery-1 is-layout-flex wp-block-gallery-is-layout-flex\">\r\n<figure class=\"wp-block-image size-large\"><img loading=\"lazy\" decoding=\"async\" data-id=\"8564\" class=\"alignnone wp-image-9318 size-medium\" src=\"https:\/\/antenasgsm.com\/tienda\/wp-content\/uploads\/2022\/05\/foto-divisor-3-vias-800x245.jpg\" alt=\"\" width=\"800\" height=\"245\" srcset=\"https:\/\/antenasgsm.com\/tienda\/wp-content\/uploads\/2022\/05\/foto-divisor-3-vias-800x245.jpg 800w, https:\/\/antenasgsm.com\/tienda\/wp-content\/uploads\/2022\/05\/foto-divisor-3-vias-247x76.jpg 247w, https:\/\/antenasgsm.com\/tienda\/wp-content\/uploads\/2022\/05\/foto-divisor-3-vias-510x156.jpg 510w, https:\/\/antenasgsm.com\/tienda\/wp-content\/uploads\/2022\/05\/foto-divisor-3-vias-64x20.jpg 64w, https:\/\/antenasgsm.com\/tienda\/wp-content\/uploads\/2022\/05\/foto-divisor-3-vias-1400x429.jpg 1400w, https:\/\/antenasgsm.com\/tienda\/wp-content\/uploads\/2022\/05\/foto-divisor-3-vias-280x86.jpg 280w, https:\/\/antenasgsm.com\/tienda\/wp-content\/uploads\/2022\/05\/foto-divisor-3-vias-120x37.jpg 120w, https:\/\/antenasgsm.com\/tienda\/wp-content\/uploads\/2022\/05\/foto-divisor-3-vias-600x184.jpg 600w, https:\/\/antenasgsm.com\/tienda\/wp-content\/uploads\/2022\/05\/foto-divisor-3-vias.jpg 1508w\" sizes=\"auto, (max-width: 800px) 100vw, 800px\" \/><\/figure>\r\n<\/figure>\r\n","protected":false},"excerpt":{"rendered":"<p>Un splitter, o divisor de se\u00f1al, es un dispositivo electr\u00f3nico que permite dividir una se\u00f1al de entrada en varias se\u00f1ales de salida, cada una de ellas con el mismo nivel de se\u00f1al. Los divisores de se\u00f1al se utilizan a menudo en sistemas de comunicaciones para distribuir una se\u00f1al en varias salidas. En este caso, la&#8230;<\/p>\n","protected":false},"featured_media":9319,"comment_status":"open","ping_status":"closed","template":"","meta":[],"product_brand":[],"product_cat":[28,280],"product_tag":[],"class_list":{"0":"post-8562","1":"product","2":"type-product","3":"status-publish","4":"has-post-thumbnail","6":"product_cat-cables-y-montaje","7":"product_cat-adaptadores","9":"first","10":"onbackorder","11":"sale","12":"taxable","13":"shipping-taxable","14":"purchasable","15":"product-type-simple"},"bundled_by":[],"bundle_stock_status":"onbackorder","bundle_stock_quantity":-1,"bundle_virtual":false,"bundle_layout":"","bundle_add_to_cart_form_location":"","bundle_editable_in_cart":false,"bundle_sold_individually_context":"","bundle_item_grouping":"","bundle_min_size":"","bundle_max_size":"","bundle_price":[],"bundled_items":[],"bundle_sell_ids":[],"_links":{"self":[{"href":"https:\/\/antenasgsm.com\/tienda\/wp-json\/wp\/v2\/product\/8562","targetHints":{"allow":["GET"]}}],"collection":[{"href":"https:\/\/antenasgsm.com\/tienda\/wp-json\/wp\/v2\/product"}],"about":[{"href":"https:\/\/antenasgsm.com\/tienda\/wp-json\/wp\/v2\/types\/product"}],"replies":[{"embeddable":true,"href":"https:\/\/antenasgsm.com\/tienda\/wp-json\/wp\/v2\/comments?post=8562"}],"wp:featuredmedia":[{"embeddable":true,"href":"https:\/\/antenasgsm.com\/tienda\/wp-json\/wp\/v2\/media\/9319"}],"wp:attachment":[{"href":"https:\/\/antenasgsm.com\/tienda\/wp-json\/wp\/v2\/media?parent=8562"}],"wp:term":[{"taxonomy":"product_brand","embeddable":true,"href":"https:\/\/antenasgsm.com\/tienda\/wp-json\/wp\/v2\/product_brand?post=8562"},{"taxonomy":"product_cat","embeddable":true,"href":"https:\/\/antenasgsm.com\/tienda\/wp-json\/wp\/v2\/product_cat?post=8562"},{"taxonomy":"product_tag","embeddable":true,"href":"https:\/\/antenasgsm.com\/tienda\/wp-json\/wp\/v2\/product_tag?post=8562"}],"curies":[{"name":"wp","href":"https:\/\/api.w.org\/{rel}","templated":true}]}}