{"id":8542,"date":"2022-05-17T15:28:30","date_gmt":"2022-05-17T14:28:30","guid":{"rendered":"https:\/\/antenasgsm.com\/tienda\/?post_type=product&#038;p=8542"},"modified":"2022-12-03T18:06:54","modified_gmt":"2022-12-03T17:06:54","slug":"vectronics-antena-direccional-router-4g-12dbi-700-2700mhz","status":"publish","type":"product","link":"https:\/\/antenasgsm.com\/tienda\/productos\/vectronics-antena-direccional-router-4g-12dbi-700-2700mhz\/","title":{"rendered":"Vectronics antena direccional router 4G  12dBi (700 &#8211; 2700Mhz)"},"content":{"rendered":"\r\n<p><strong>Adecuado para zonas de baja cobertura <\/strong>y todas aquellas situaciones en las que sea necesario optimizar las velocidades de conexi\u00f3n del router: casas de campo, casas de baja cobertura, planta baja, etc. Mejora la recepci\u00f3n \/ transmisi\u00f3n en todas las frecuencias a las que se puede conectar nuestro router: 700\/800\/900\/1800\/2100\/2500\/2600\/2700 MHz.<\/p>\r\n\r\n\r\n\r\n<p>Direccional:\u00a0<strong>S\u00f3lo cobertura de antenas a una direcci\u00f3n<\/strong><br \/>Distancia a la antena de telefon\u00eda:\u00a0<strong>Larga<\/strong><br \/>Entorno preferente:\u00a0<strong>Rural<\/strong><br \/>Dificultad instalaci\u00f3n:\u00a0<strong>Media-alta<\/strong>\u00a0(se tiene que orientar)<br \/>Versatilidad:\u00a0<strong>Baja<\/strong><br \/>Amplifica:\u00a0<strong>3G y 4G<\/strong><br \/>Colocaci\u00f3n:\u00a0<strong>M\u00e1stil elevado<\/strong> (tejado o similares)<\/p>\r\n<p>Mejora enormemente la velocidad de carga y descarga 5G \/ 4G \/ 3G de nuestro enrutador. Una vez conectado veremos aumentar la velocidad de navegaci\u00f3n. Adecuado para cualquier lugar donde la cobertura dentro de la casa sea d\u00e9bil o inestable. La antena utiliza la tecnolog\u00eda MIMO (Multiple Input \/ Multiple Output) para lograr las mejores relaciones de velocidad de carga y descarga.<\/p>\r\n\r\n\r\n\r\n<p>Funciona con todos los modelos con conexiones de antena SMA: Movistar Radio, Orange 4G h\u00edbrido. Algunos de los enrutadores compatibles: ZTE MF28G, ZTE MF29T, ZTE MF29S2, ZTE MF28D HUAWEI E5186, HUAWEI B890, HUAWEI B593U-12, HUAWEI B315, B593S-22, HUAWEI B593UWA-91, HUA3UWA-91I HUAUWAFEI B593U-91, HUAUWAFEI B593U-91, HUAUWAFEI B593U-91, HUAUWAFEI B593U-91, HUAUWAFEI B593U-91, HUAUWAFEI B593U-91, HUAUWAFEI B593U-91, BUA593UWA-91, HUAUWAFEI B593U-91, BUA593UWA-91 HUAUWAFEI B593U-91, HUAUWAFEI B593U-91-91, HUAWAFEI E175 B1000<\/p>\r\n\r\n\r\n\r\n<p>Se puede seleccionar la longitud de cable. El grosor del cable es similar al de un cable coaxial de TV, por lo que podemos utilizar las bandejas de cables existentes para tender el cable desde el exterior hacia el interior de la casa.<\/p>\r\n\r\n\r\n\r\n<p>Se instala en el exterior de la casa sobre un poste u otro soporte. Hecho de material altamente resistente a la intemperie y completamente herm\u00e9tico. Antena preparada para los elementos. Se suministra con soportes de eje.<\/p>\r\n\r\n\r\n\r\n<p>&nbsp;<\/p>\r\n\r\n\r\n\r\n<figure class=\"wp-block-table is-style-regular\">\r\n<table>\r\n<tbody>\r\n<tr>\r\n<td>Rango de frecuencia (MHz)<\/td>\r\n<td>700 &#8211; 2700<\/td>\r\n<\/tr>\r\n<tr>\r\n<td>Ganancia (dBi)<\/td>\r\n<td>12dBi<\/td>\r\n<\/tr>\r\n<tr>\r\n<td>Tipo de conector de entrada<\/td>\r\n<td>SMA macho<\/td>\r\n<\/tr>\r\n<tr>\r\n<td>Dimensiones\u00a0antena<\/td>\r\n<td>260 mm * 172 mm * 60 mm<\/td>\r\n<\/tr>\r\n<tr>\r\n<td>Peso<\/td>\r\n<td>1 Kg.<\/td>\r\n<\/tr>\r\n<tr>\r\n<td>Color<\/td>\r\n<td>Blanco<\/td>\r\n<\/tr>\r\n<tr>\r\n<td>Rango funcionamiento<\/td>\r\n<td>-40\u00baC ~ 60 \u00baC<\/td>\r\n<\/tr>\r\n<tr>\r\n<td>Compatible MIMO<\/td>\r\n<td>No<\/td>\r\n<\/tr>\r\n<tr>\r\n<td>Longitud del cable incluido<\/td>\r\n<td>A seleccionar<\/td>\r\n<\/tr>\r\n<\/tbody>\r\n<\/table>\r\n<\/figure>\r\n\r\n\r\n\r\n<p>&nbsp;<\/p>\r\n","protected":false},"excerpt":{"rendered":"<p>Posee una excelente relaci\u00f3n calidad\/precio, siendo ideal para disponer de 4G en \u00e1reas rurales d\u00f3nde se tenga visi\u00f3n directa con la torre de telefon\u00eda, especialmente cuando haya grandes distancias a salvar. Incluye anclajes para colocarla en un m\u00e1stil, y se puede elegir la longitud del cable necesario hasta el router. Se entrega con los conectores necesarios para conectar a tu router. Si necesitas confirmar que tu router es compatible con el conector que lleva la antena, o quieres alg\u00fan conector espec\u00edfico nos puedes enviar una foto del conector de tu router.<\/p>\n","protected":false},"featured_media":7760,"comment_status":"open","ping_status":"closed","template":"","meta":[],"product_brand":[],"product_cat":[331],"product_tag":[341,106,114,342],"class_list":{"0":"post-8542","1":"product","2":"type-product","3":"status-publish","4":"has-post-thumbnail","6":"product_cat-antenas-routers-4g","7":"product_tag-16dbi","8":"product_tag-4g","9":"product_tag-antena","10":"product_tag-dos-antenas","12":"first","13":"instock","14":"sale","15":"taxable","16":"shipping-taxable","17":"purchasable","18":"product-type-composite"},"bundled_by":[],"bundle_stock_status":"instock","bundle_stock_quantity":null,"bundle_virtual":false,"bundle_layout":"","bundle_add_to_cart_form_location":"","bundle_editable_in_cart":false,"bundle_sold_individually_context":"","bundle_item_grouping":"","bundle_min_size":"","bundle_max_size":"","bundle_price":[],"bundled_items":[],"bundle_sell_ids":[],"_links":{"self":[{"href":"https:\/\/antenasgsm.com\/tienda\/wp-json\/wp\/v2\/product\/8542","targetHints":{"allow":["GET"]}}],"collection":[{"href":"https:\/\/antenasgsm.com\/tienda\/wp-json\/wp\/v2\/product"}],"about":[{"href":"https:\/\/antenasgsm.com\/tienda\/wp-json\/wp\/v2\/types\/product"}],"replies":[{"embeddable":true,"href":"https:\/\/antenasgsm.com\/tienda\/wp-json\/wp\/v2\/comments?post=8542"}],"wp:featuredmedia":[{"embeddable":true,"href":"https:\/\/antenasgsm.com\/tienda\/wp-json\/wp\/v2\/media\/7760"}],"wp:attachment":[{"href":"https:\/\/antenasgsm.com\/tienda\/wp-json\/wp\/v2\/media?parent=8542"}],"wp:term":[{"taxonomy":"product_brand","embeddable":true,"href":"https:\/\/antenasgsm.com\/tienda\/wp-json\/wp\/v2\/product_brand?post=8542"},{"taxonomy":"product_cat","embeddable":true,"href":"https:\/\/antenasgsm.com\/tienda\/wp-json\/wp\/v2\/product_cat?post=8542"},{"taxonomy":"product_tag","embeddable":true,"href":"https:\/\/antenasgsm.com\/tienda\/wp-json\/wp\/v2\/product_tag?post=8542"}],"curies":[{"name":"wp","href":"https:\/\/api.w.org\/{rel}","templated":true}]}}