{"id":8386,"date":"2022-03-09T17:53:08","date_gmt":"2022-03-09T16:53:08","guid":{"rendered":"https:\/\/antenasgsm.com\/tienda\/?post_type=product&#038;p=8386"},"modified":"2025-07-07T10:59:06","modified_gmt":"2025-07-07T09:59:06","slug":"kit-amadeus-rumbo","status":"publish","type":"product","link":"https:\/\/antenasgsm.com\/tienda\/productos\/kit-amadeus-rumbo\/","title":{"rendered":"Kit Amadeus Rumbo"},"content":{"rendered":"\r\n<h2 id=\"usos-principales\" class=\"has-large-font-size wp-block-heading\">Usos principales<\/h2>\r\n\r\n\r\n\r\n<p>\u00a0El kit repetidor Amadeus Rumbo es ideal para veh\u00edculos, ya sea coche, furgoneta, autocaravana o barco debido a que el amplificador est\u00e1 espec\u00edficamente dise\u00f1ado para funcionar en espacios reducidos y donde la antena exterior e interior se encuentran cerca. Funciona con las redes de las principales operadoras espa\u00f1olas (Movistar, Vodafone, Orange, Yoigo\u2026).<\/p>\r\n\r\n\r\n\r\n<ul class=\"wp-block-list\">\r\n<li><strong>ALC<\/strong> (Automatic Level Control)<\/li>\r\n<li><strong>AGC<\/strong> (Automatic Gain Control)<\/li>\r\n<li><strong>MGC<\/strong> (Manual Gain Control)<\/li>\r\n<li><strong>AID<\/strong> (Auto Isolation Detection)<\/li>\r\n<li>F\u00e1cil de instalar<\/li>\r\n<\/ul>\r\n\r\n\r\n\r\n<p>&nbsp;<\/p>\r\n\r\n\r\n\r\n<p>Incorpora el Control Autom\u00e1tico de Ganancia (AGC) para evitar que el Booster se sobre sature, manteniendo as\u00ed una alta calidad de voz y evitando agregar interferencias a la red.<\/p>\r\n\r\n\r\n\r\n<p>De f\u00e1cil instalaci\u00f3n, por lo que un usuario particular podr\u00e1 instalar el amplificador por s\u00ed mismo. No se necesita muchos conocimientos ni instrumentos profesionales. AntenasGSM te dar\u00e1 soporte siempre que lo necesites.<\/p>\r\n\r\n\r\n\r\n<p>Este amplificador mejora las se\u00f1ales m\u00f3viles sin impacto negativo en la salud humana.<\/p>\r\n\r\n\r\n\r\n<h2 class=\"wp-block-heading\" id=\"que-incluye\">\u00bfQu\u00e9 incluye?<\/h2>\r\n\r\n\r\n\r\n<figure class=\"wp-block-table\">\r\n<table>\r\n<thead>\r\n<tr>\r\n<th class=\"has-text-align-center\" data-align=\"center\">Uds<\/th>\r\n<th>Producto<\/th>\r\n<\/tr>\r\n<\/thead>\r\n<tbody>\r\n<tr>\r\n<td class=\"has-text-align-center\" data-align=\"center\">1 ud.<\/td>\r\n<td><strong>Amplificador:<\/strong> Amadeus Rumbo<\/td>\r\n<\/tr>\r\n<tr>\r\n<td class=\"has-text-align-center\" data-align=\"center\">1 ud.<\/td>\r\n<td><strong>Antena Exterior: <\/strong>Exterior omnidireccional polivalente<\/td>\r\n<\/tr>\r\n<tr>\r\n<td class=\"has-text-align-center\" data-align=\"center\">1 ud.<\/td>\r\n<td><strong><strong>Antena Interior: <\/strong><\/strong>Interior omnidireccional de palo (tipo router)<\/td>\r\n<\/tr>\r\n<tr>\r\n<td class=\"has-text-align-center\" data-align=\"center\">1 ud.<\/td>\r\n<td><strong>Adaptador para coche:<\/strong> Adaptador para poder conectar al enchufe tipo encendedor del veh\u00edculo.<\/td>\r\n<\/tr>\r\n<\/tbody>\r\n<\/table>\r\n<\/figure>\r\n\r\n\r\n\r\n<h2 class=\"wp-block-heading\" id=\"que-bandas-amplifica\">\u00bfQu\u00e9 bandas amplifica?<\/h2>\r\n\r\n\r\n\r\n<figure class=\"wp-block-table\">\r\n<table>\r\n<thead>\r\n<tr>\r\n<th>Banda<\/th>\r\n<th>Descripci\u00f3n<\/th>\r\n<\/tr>\r\n<\/thead>\r\n<tbody>\r\n<tr>\r\n<td><strong><mark class=\"has-inline-color has-dark-color\" style=\"background-color: rgba(0, 0, 0, 0);\">Banda 20 (800)<\/mark><\/strong><\/td>\r\n<td>791- 821 MHz. LTE 4G con todos los operadores.<\/td>\r\n<\/tr>\r\n<tr>\r\n<td><strong><mark class=\"has-inline-color has-dark-color\" style=\"background-color: rgba(0, 0, 0, 0);\">Banda 8 (900)<\/mark><\/strong><\/td>\r\n<td>880 \u2013 915Mhz. Llamadas todos los operadores. 3G con todos los operadores. Dispone de E-GSM.<\/td>\r\n<\/tr>\r\n<\/tbody>\r\n<\/table>\r\n<\/figure>\r\n\r\n\r\n\r\n<h2 class=\"wp-block-heading\" id=\"resumen-bandas-cobertura-movil\">Resumen bandas cobertura m\u00f3vil<\/h2>\r\n\r\n\r\n\r\n<figure class=\"wp-block-table\">\r\n<table>\r\n<thead>\r\n<tr>\r\n<th>Operadora<\/th>\r\n<th class=\"has-text-align-center\" data-align=\"center\">4G 800mhz<\/th>\r\n<th class=\"has-text-align-center\" data-align=\"center\">Llamadas 900mhz<\/th>\r\n<th class=\"has-text-align-center\" data-align=\"center\">Datos 3G 900mhz<\/th>\r\n<\/tr>\r\n<\/thead>\r\n<tbody>\r\n<tr>\r\n<td><strong><span class=\"has-inline-color has-dark-color\">Movistar<\/span><\/strong><\/td>\r\n<td class=\"has-text-align-center\" data-align=\"center\">v<\/td>\r\n<td class=\"has-text-align-center\" data-align=\"center\">v<\/td>\r\n<td class=\"has-text-align-center\" data-align=\"center\">v<\/td>\r\n<\/tr>\r\n<tr>\r\n<td><strong><span class=\"has-inline-color has-dark-color\">Vodafone<\/span><\/strong><\/td>\r\n<td class=\"has-text-align-center\" data-align=\"center\">v<\/td>\r\n<td class=\"has-text-align-center\" data-align=\"center\">v<\/td>\r\n<td class=\"has-text-align-center\" data-align=\"center\">v<\/td>\r\n<\/tr>\r\n<tr>\r\n<td><strong><span class=\"has-inline-color has-dark-color\">Orange<\/span><\/strong><\/td>\r\n<td class=\"has-text-align-center\" data-align=\"center\">v<\/td>\r\n<td class=\"has-text-align-center\" data-align=\"center\">v<\/td>\r\n<td class=\"has-text-align-center\" data-align=\"center\">v<\/td>\r\n<\/tr>\r\n<tr>\r\n<td><strong><span class=\"has-inline-color has-dark-color\">Yoigo<\/span><\/strong><\/td>\r\n<td class=\"has-text-align-center\" data-align=\"center\">v<\/td>\r\n<td class=\"has-text-align-center\" data-align=\"center\">v<\/td>\r\n<td class=\"has-text-align-center\" data-align=\"center\">v<\/td>\r\n<\/tr>\r\n<\/tbody>\r\n<\/table>\r\n<\/figure>\r\n\r\n\r\n\r\n<h2 class=\"wp-block-heading\" id=\"como-instalo-el-kit-amplificador\">\u00bfComo instalo el kit amplificador?<\/h2>\r\n\r\n\r\n\r\n<h5 id=\"pasos-a-seguir\" class=\"has-text-align-center wp-block-heading\">Pasos a seguir:<\/h5>\r\n\r\n\r\n\r\n<p>1. Instalaremos la antena exterior en la <strong>parte m\u00e1s elevada del veh\u00edculo<\/strong>. La antena est\u00e1 imantada, pero se puede acabar de sujetar con alg\u00fan tipo de cola apta para carrocer\u00eda.<\/p>\r\n\r\n\r\n\r\n<p>2. Seguidamente, conectaremos la antena exterior al amplificador mediante el cable de la antena exterior incluido en el Kit. El cable se tiene que conectar en el puerto &#8220;<strong>BTS<\/strong>&#8221; del amplificador.<\/p>\r\n\r\n\r\n\r\n<p>3. Conectaremos la antena interior de &#8220;palo&#8221; en el puerto &#8220;<strong>MS<\/strong>&#8221; del amplificador.<\/p>\r\n\r\n\r\n\r\n<p>6. Finalmente conectaremos el adaptador de corriente al amplificador, y luego el adaptador a la corriente del veh\u00edculo y autom\u00e1ticamente se encender\u00e1.<\/p>\r\n\r\n\r\n\r\n<p>7. Finalmente, podremos comprobar que la se\u00f1al del m\u00f3vil ha mejorado teniendo en cuenta los leds de colores del amplificador:<\/p>\r\n\r\n\r\n\r\n<ul class=\"wp-block-list\">\r\n<li><strong>LED Power<\/strong>: en verde si est\u00e1 encendido.<\/li>\r\n<li><strong>LED se\u00f1al<\/strong>: en verde si hay suficiente se\u00f1al que llega de la antena exterior.<\/li>\r\n<li><strong>LED ISO<\/strong>: verde si no hay interferencias. Si parpadea o se pone en naranja\/rojo, tendremos que bajar el PIN 1 y 2 de cada lado del amplificador hasta que el LED ISO se mantenga en verde fijamente.<\/li>\r\n<\/ul>\r\n\r\n\r\n\r\n<p>&nbsp;<\/p>\r\n\r\n\r\n\r\n<p>Para cualquier duda, escr\u00edbenos al Whatsapp al <strong>644 171 058<\/strong>. Puedes adjuntarnos fotos del amplificador para mejor soporte t\u00e9cnico.<\/p>\r\n\r\n\r\n\r\n<p>&nbsp;<\/p>\r\n\r\n\r\n\r\n<p>&nbsp;<\/p>\r\n","protected":false},"excerpt":{"rendered":"[agsm_product_details]La soluci\u00f3n perfecta para tener cobertura en tu veh\u00edculo all\u00e1 d\u00f3nde vayas.[\/agsm_product_details]\n","protected":false},"featured_media":8389,"comment_status":"open","ping_status":"closed","template":"","meta":[],"product_brand":[],"product_cat":[25],"product_tag":[318,320,266,316,388,300,243],"class_list":{"0":"post-8386","1":"product","2":"type-product","3":"status-publish","4":"has-post-thumbnail","6":"product_cat-amplificadores-cobertura-llamadas-internet-2g-3g-4g-5g","7":"product_tag-23dbm","8":"product_tag-75dbi","9":"product_tag-266","10":"product_tag-amadeus","11":"product_tag-cool","12":"product_tag-egsm","13":"product_tag-vectronics","14":"pa_tamano-casa-pequena","15":"pa_tecnologia-que-amplifica-3g","16":"pa_tecnologia-que-amplifica-4g","17":"pa_tecnologia-que-amplifica-5g","18":"pa_tecnologia-que-amplifica-voz","20":"first","21":"instock","22":"sale","23":"taxable","24":"shipping-taxable","25":"purchasable","26":"product-type-simple"},"bundled_by":[],"bundle_stock_status":"instock","bundle_stock_quantity":1,"bundle_virtual":false,"bundle_layout":"","bundle_add_to_cart_form_location":"","bundle_editable_in_cart":false,"bundle_sold_individually_context":"","bundle_item_grouping":"","bundle_min_size":"","bundle_max_size":"","bundle_price":[],"bundled_items":[],"bundle_sell_ids":[],"_links":{"self":[{"href":"https:\/\/antenasgsm.com\/tienda\/wp-json\/wp\/v2\/product\/8386","targetHints":{"allow":["GET"]}}],"collection":[{"href":"https:\/\/antenasgsm.com\/tienda\/wp-json\/wp\/v2\/product"}],"about":[{"href":"https:\/\/antenasgsm.com\/tienda\/wp-json\/wp\/v2\/types\/product"}],"replies":[{"embeddable":true,"href":"https:\/\/antenasgsm.com\/tienda\/wp-json\/wp\/v2\/comments?post=8386"}],"wp:featuredmedia":[{"embeddable":true,"href":"https:\/\/antenasgsm.com\/tienda\/wp-json\/wp\/v2\/media\/8389"}],"wp:attachment":[{"href":"https:\/\/antenasgsm.com\/tienda\/wp-json\/wp\/v2\/media?parent=8386"}],"wp:term":[{"taxonomy":"product_brand","embeddable":true,"href":"https:\/\/antenasgsm.com\/tienda\/wp-json\/wp\/v2\/product_brand?post=8386"},{"taxonomy":"product_cat","embeddable":true,"href":"https:\/\/antenasgsm.com\/tienda\/wp-json\/wp\/v2\/product_cat?post=8386"},{"taxonomy":"product_tag","embeddable":true,"href":"https:\/\/antenasgsm.com\/tienda\/wp-json\/wp\/v2\/product_tag?post=8386"}],"curies":[{"name":"wp","href":"https:\/\/api.w.org\/{rel}","templated":true}]}}