{"id":7964,"date":"2021-11-28T12:03:53","date_gmt":"2021-11-28T11:03:53","guid":{"rendered":"https:\/\/antenasgsm.com\/tienda\/?post_type=product&#038;p=7964"},"modified":"2022-10-28T12:47:06","modified_gmt":"2022-10-28T11:47:06","slug":"cable-lmr-400-para-helium-hotspot","status":"publish","type":"product","link":"https:\/\/antenasgsm.com\/tienda\/productos\/cable-lmr-400-para-helium-hotspot\/","title":{"rendered":"Cable LMR-400 para Helium Hotspot"},"content":{"rendered":"\n<p>El <strong>cable LMR-400 <\/strong>es ideal para mineros Hotspot que exigen mayor calidad y la menor perdida de se\u00f1al posible.<\/p>\n\n\n\n<p><\/p>\n\n\n\n<h2 class=\"wp-block-heading\" id=\"caracteristicas-principales\">Caracter\u00edsticas principales<\/h2>\n\n\n\n<p>Tipo de Cable: <strong>LMR-400<\/strong><\/p>\n\n\n\n<p>Longitud: <strong>metros a medida<\/strong><\/p>\n\n\n\n<p>Conectores  elegir: <a href=\"https:\/\/antenasgsm.com\/tienda\/productos\/conector-n-macho-para-cable-lmr-400-2\/\" data-type=\"product\" data-id=\"7971\">N macho<\/a>, <a href=\"https:\/\/antenasgsm.com\/tienda\/productos\/conector-n-hembra-para-cable-lmr-400\/\" data-type=\"product\" data-id=\"7578\">N hembra<\/a>, <a href=\"https:\/\/antenasgsm.com\/tienda\/productos\/conector-sma-macho-para-cable-lmr-400-2\/\" data-type=\"product\" data-id=\"7975\">SMA macho<\/a>, <a href=\"https:\/\/antenasgsm.com\/tienda\/productos\/conector-sma-macho-para-cable-lmr-400\/\" data-type=\"product\" data-id=\"7576\">SMA hembra<\/a>, <a href=\"https:\/\/antenasgsm.com\/tienda\/productos\/conector-rp-sma-macho-para-cable-lmr-400\/\" data-type=\"product\" data-id=\"7978\">RP-SMA macho<\/a> y <a href=\"https:\/\/antenasgsm.com\/tienda\/productos\/conector-rp-sma-hembra-para-cable-lmr-400\/\" data-type=\"product\" data-id=\"7984\">RP-SMA hembra<\/a><\/p>\n\n\n\n<p>P\u00e9rdida a 800Mhz: 13,3dB \/ 100metros \/ Perdida a 2600Mhz: 25dB \/ 100metros<\/p>\n\n\n\n<p><\/p>\n\n\n\n<h2 class=\"wp-block-heading\" id=\"envio-si-eliges-crimpado-del-cable\">Env\u00edo (<strong>Si eliges crimpado de los conectores<\/strong>)<\/h2>\n\n\n\n<p>Si eliges la opci\u00f3n de que te crimpemos los conectores (en su defecto vienen sin montar) <strong>se requerir\u00e1 un plazo de 24h para el soldado y crimpado de los conectores. <\/strong>El env\u00edo del pedido se realiza, por lo tanto, 24h despu\u00e9s de realizar el pedido y lo recibir\u00e1s en 48h\/72h (estimado, nunca garantizado).&nbsp;<\/p>\n\n\n\n<p><\/p>\n\n\n\n<h2 class=\"wp-block-heading\" id=\"informacion-del-minero\"><strong>\u00bfQu\u00e9 conectores debo pedir?<\/strong><\/h2>\n\n\n\n<figure class=\"wp-block-table\"><table><tbody><tr><td><strong>Minero<\/strong><\/td><td><strong>Conector a comprar (seg\u00fan minero)<\/strong><\/td><td><strong>Conector a comprar (si compras nuestra antena)<\/strong><\/td><\/tr><tr><td>Bobcat<\/td><td>RP-SMA Macho<\/td><td>N Macho<\/td><\/tr><tr><td>Browan Merryiot *<\/td><td>RP-SMA Macho<\/td><td>N Macho<\/td><\/tr><tr><td>Cal-Chip<\/td><td>RP-SMA Macho<\/td><td>N Macho<\/td><\/tr><tr><td>ClodPi<\/td><td>RP-SMA Macho<\/td><td>N Macho<\/td><\/tr><tr><td>Controllino<\/td><td>SMA Macho<\/td><td>N Macho<\/td><\/tr><tr><td>Dragino<\/td><td>SMA Macho<\/td><td>N Macho<\/td><\/tr><tr><td>Finestra<\/td><td>RP-SMA Macho<\/td><td>N Macho<\/td><\/tr><tr><td>Linxdot<\/td><td>RP-SMA Macho<\/td><td>N Macho<\/td><\/tr><tr><td>Heltec<\/td><td>RP-SMA Macho<\/td><td>N Macho<\/td><\/tr><tr><td>Hummingbird<\/td><td>SMA Macho<\/td><td>N Macho<\/td><\/tr><tr><td>LongAP Light<\/td><td>RP-SMA Macho<\/td><td>N Macho<\/td><\/tr><tr><td>LongAP Pro<\/td><td>N Macho<\/td><td>N Macho<\/td><\/tr><tr><td>Milesight<\/td><td>N Macho<\/td><td>N Macho<\/td><\/tr><tr><td>Mntd<\/td><td>RP-SMA Macho<\/td><td>N Macho<\/td><\/tr><tr><td>Nebra Outdoor<\/td><td>N Macho<\/td><td>N Macho<\/td><\/tr><tr><td>Nebra Indoor<\/td><td>RP-SMA Macho<\/td><td>N Macho<\/td><\/tr><tr><td>Panther X<\/td><td>RP-SMA Macho<\/td><td>N Macho<\/td><\/tr><tr><td>RAK v1 &amp; v2<\/td><td>RP-SMA Macho<\/td><td>N Macho<\/td><\/tr><tr><td>Sensecap<\/td><td>RP-SMA Macho<\/td><td>N Macho<\/td><\/tr><tr><td>Syncrob<\/td><td>SMA Macho<\/td><td>N Macho<\/td><\/tr><tr><td>Kerlink<\/td><td>SMA Macho<\/td><td>N Macho<\/td><\/tr><\/tbody><\/table><\/figure>\n\n\n\n<p><a href=\"https:\/\/antenasgsm.com\/tienda\/productos\/antena-helium-lorawan-868mhz\/\">Lorawan 868Mhz de 5.8dbi<\/a><\/p>\n\n\n\n<p><a href=\"https:\/\/antenasgsm.com\/tienda\/productos\/antena-helium-lorawan-868mhz-8dbi\/\">Lorawan 868Mhz de 8dbi<\/a><\/p>\n\n\n<div class=\"wp-block-image\">\n<figure class=\"aligncenter size-full is-resized\"><img loading=\"lazy\" decoding=\"async\" src=\"https:\/\/antenasgsm.com\/tienda\/wp-content\/uploads\/2022\/01\/image.png\" alt=\"\" class=\"wp-image-8094\" width=\"638\" height=\"334\" srcset=\"https:\/\/antenasgsm.com\/tienda\/wp-content\/uploads\/2022\/01\/image.png 638w, https:\/\/antenasgsm.com\/tienda\/wp-content\/uploads\/2022\/01\/image-247x129.png 247w, https:\/\/antenasgsm.com\/tienda\/wp-content\/uploads\/2022\/01\/image-510x267.png 510w, https:\/\/antenasgsm.com\/tienda\/wp-content\/uploads\/2022\/01\/image-64x34.png 64w, https:\/\/antenasgsm.com\/tienda\/wp-content\/uploads\/2022\/01\/image-280x147.png 280w, https:\/\/antenasgsm.com\/tienda\/wp-content\/uploads\/2022\/01\/image-120x63.png 120w, https:\/\/antenasgsm.com\/tienda\/wp-content\/uploads\/2022\/01\/image-600x314.png 600w\" sizes=\"auto, (max-width: 638px) 100vw, 638px\" \/><figcaption><strong>Bobcat Miner 300<\/strong><\/figcaption><\/figure>\n<\/div>\n\n\n<p><\/p>\n\n\n\n<h2 class=\"wp-block-heading\" id=\"informacion-de-la-antena\"><strong>Informaci\u00f3n de la antena<\/strong><\/h2>\n\n\n\n<p><\/p>\n\n\n\n<p>La antena <a href=\"https:\/\/antenasgsm.com\/tienda\/productos\/antena-helium-lorawan-868mhz\/\">Lorawan 868Mhz de 5.8dbi<\/a> i la <a href=\"https:\/\/antenasgsm.com\/tienda\/productos\/antena-helium-lorawan-868mhz-8dbi\/\">Lorawan 868Mhz de 8dbi<\/a> tienen un conector <strong>N hembra<\/strong> por lo que el conector del cable tiene que ser <strong>N macho<\/strong>.<\/p>\n\n\n\n<p style=\"font-size:18px\"><strong><strong>P\u00e9rdida eficiencia<\/strong> (dB) del Cable LMR-400<\/strong><\/p>\n\n\n\n<figure class=\"wp-block-table\"><table><tbody><tr><td class=\"has-text-align-center\" data-align=\"center\"><strong>Longitud<\/strong><\/td><td class=\"has-text-align-center\" data-align=\"center\"><strong>868Mhz<\/strong><\/td><\/tr><tr><td class=\"has-text-align-center\" data-align=\"center\"><strong>5M<\/strong><\/td><td class=\"has-text-align-center\" data-align=\"center\">0,7<\/td><\/tr><tr><td class=\"has-text-align-center\" data-align=\"center\"><strong>10M<\/strong><\/td><td class=\"has-text-align-center\" data-align=\"center\">1,4<\/td><\/tr><tr><td class=\"has-text-align-center\" data-align=\"center\"><strong>15M<\/strong><\/td><td class=\"has-text-align-center\" data-align=\"center\">2,1<\/td><\/tr><tr><td class=\"has-text-align-center\" data-align=\"center\"><strong>20M<\/strong><\/td><td class=\"has-text-align-center\" data-align=\"center\">2,9<\/td><\/tr><tr><td class=\"has-text-align-center\" data-align=\"center\"><strong>25M<\/strong><\/td><td class=\"has-text-align-center\" data-align=\"center\">3,5<\/td><\/tr><tr><td class=\"has-text-align-center\" data-align=\"center\"><strong>30M<\/strong><\/td><td class=\"has-text-align-center\" data-align=\"center\">4,2<\/td><\/tr><tr><td class=\"has-text-align-center\" data-align=\"center\"><strong>35M<\/strong><\/td><td class=\"has-text-align-center\" data-align=\"center\">4,9<\/td><\/tr><tr><td class=\"has-text-align-center\" data-align=\"center\"><strong>40M<\/strong><\/td><td class=\"has-text-align-center\" data-align=\"center\">5,6<\/td><\/tr><\/tbody><\/table><\/figure>\n\n\n\n<p class=\"has-normal-font-size\"><\/p>\n","protected":false},"excerpt":{"rendered":"<p>Cable LMR-400 de poca p\u00e9rdida. Longitud m\u00ednima por cable: 2m. Posibilidad de crimpado con conectores soldados para su mejor calidad y m\u00ednima p\u00e9rdida de se\u00f1al.<\/p>\n","protected":false},"featured_media":6653,"comment_status":"open","ping_status":"closed","template":"","meta":[],"product_brand":[],"product_cat":[279,384],"product_tag":[274,272,350,256],"class_list":{"0":"post-7964","1":"product","2":"type-product","3":"status-publish","4":"has-post-thumbnail","6":"product_cat-cable-listos-usar","7":"product_cat-helium","8":"product_tag-lmr-400","9":"product_tag-lmr400","10":"product_tag-metro","11":"product_tag-sma","12":"product_shipping_class-envio-72h","14":"first","15":"instock","16":"sale","17":"taxable","18":"shipping-taxable","19":"purchasable","20":"product-type-composite"},"bundled_by":[],"bundle_stock_status":"instock","bundle_stock_quantity":null,"bundle_virtual":false,"bundle_layout":"","bundle_add_to_cart_form_location":"","bundle_editable_in_cart":false,"bundle_sold_individually_context":"","bundle_item_grouping":"","bundle_min_size":"","bundle_max_size":"","bundle_price":[],"bundled_items":[],"bundle_sell_ids":[],"_links":{"self":[{"href":"https:\/\/antenasgsm.com\/tienda\/wp-json\/wp\/v2\/product\/7964","targetHints":{"allow":["GET"]}}],"collection":[{"href":"https:\/\/antenasgsm.com\/tienda\/wp-json\/wp\/v2\/product"}],"about":[{"href":"https:\/\/antenasgsm.com\/tienda\/wp-json\/wp\/v2\/types\/product"}],"replies":[{"embeddable":true,"href":"https:\/\/antenasgsm.com\/tienda\/wp-json\/wp\/v2\/comments?post=7964"}],"wp:featuredmedia":[{"embeddable":true,"href":"https:\/\/antenasgsm.com\/tienda\/wp-json\/wp\/v2\/media\/6653"}],"wp:attachment":[{"href":"https:\/\/antenasgsm.com\/tienda\/wp-json\/wp\/v2\/media?parent=7964"}],"wp:term":[{"taxonomy":"product_brand","embeddable":true,"href":"https:\/\/antenasgsm.com\/tienda\/wp-json\/wp\/v2\/product_brand?post=7964"},{"taxonomy":"product_cat","embeddable":true,"href":"https:\/\/antenasgsm.com\/tienda\/wp-json\/wp\/v2\/product_cat?post=7964"},{"taxonomy":"product_tag","embeddable":true,"href":"https:\/\/antenasgsm.com\/tienda\/wp-json\/wp\/v2\/product_tag?post=7964"}],"curies":[{"name":"wp","href":"https:\/\/api.w.org\/{rel}","templated":true}]}}