{"id":7788,"date":"2021-09-21T09:34:02","date_gmt":"2021-09-21T08:34:02","guid":{"rendered":"https:\/\/antenasgsm.com\/tienda\/?post_type=product&#038;p=7788"},"modified":"2025-07-29T16:23:53","modified_gmt":"2025-07-29T15:23:53","slug":"antena-exterior-direccional-potente-18-20dbi","status":"publish","type":"product","link":"https:\/\/antenasgsm.com\/tienda\/productos\/antena-exterior-direccional-potente-18-20dbi\/","title":{"rendered":"Antena exterior direccional potente (18-20dbi)"},"content":{"rendered":"\n<h3 class=\"wp-block-heading\" id=\"tienes-poca-senal-de-movil-en-exterior\"><strong>\u00bf Tienes poca se\u00f1al de m\u00f3vil en exterior ?&nbsp;<\/strong><\/h3>\n\n\n\n<p>Con esta antena de <strong>AntenasGSM<\/strong>, podr\u00e1s disfruta de mayor cobertura m\u00f3bil en su casa o negocio.<\/p>\n\n\n\n<p>Esta antena es direccional, lo que significa que debe enfocarla hacia la torre de telefon\u00eda de su operadora m\u00e1s cercana.<\/p>\n\n\n\n<p>Recuerde que se necesita un amplificador de se\u00f1al. Ver aqui <a href=\"https:\/\/antenasgsm.com\/tienda\/categoria\/amplificadores\/\" data-type=\"URL\" data-id=\"https:\/\/antenasgsm.com\/tienda\/categoria\/amplificadores\/\">nuestros amplificadores<\/a><\/p>\n\n\n\n<p>Potencia ganancia: 18-20dBi<\/p>\n\n\n\n<p>Tipo conector: N hembra<\/p>\n\n\n\n<p>Frecuencia: 698 &#8211; 2700Mhz<\/p>\n\n\n\n<p><\/p>\n","protected":false},"excerpt":{"rendered":"<p>\u00bf Tienes poca se\u00f1al de m\u00f3vil en exterior ?&nbsp; Con esta antena de AntenasGSM, podr\u00e1s disfruta de mayor cobertura m\u00f3bil en su casa o negocio. Esta antena es direccional, lo que significa que debe enfocarla hacia la torre de telefon\u00eda de su operadora m\u00e1s cercana. Recuerde que se necesita un amplificador de se\u00f1al. Ver aqui&#8230;<\/p>\n","protected":false},"featured_media":6369,"comment_status":"open","ping_status":"closed","template":"","meta":[],"product_brand":[],"product_cat":[26],"product_tag":[382,104,105,106,114,117,115],"class_list":{"0":"post-7788","1":"product","2":"type-product","3":"status-publish","4":"has-post-thumbnail","6":"product_cat-antenas-exteriores","7":"product_tag-11dbi","8":"product_tag-2g","9":"product_tag-3g","10":"product_tag-4g","11":"product_tag-antena","12":"product_tag-dbi","13":"product_tag-exterior","15":"first","16":"onbackorder","17":"sale","18":"taxable","19":"shipping-taxable","20":"purchasable","21":"product-type-simple"},"bundled_by":[],"bundle_stock_status":"onbackorder","bundle_stock_quantity":-2,"bundle_virtual":false,"bundle_layout":"","bundle_add_to_cart_form_location":"","bundle_editable_in_cart":false,"bundle_sold_individually_context":"","bundle_item_grouping":"","bundle_min_size":"","bundle_max_size":"","bundle_price":[],"bundled_items":[],"bundle_sell_ids":[],"_links":{"self":[{"href":"https:\/\/antenasgsm.com\/tienda\/wp-json\/wp\/v2\/product\/7788","targetHints":{"allow":["GET"]}}],"collection":[{"href":"https:\/\/antenasgsm.com\/tienda\/wp-json\/wp\/v2\/product"}],"about":[{"href":"https:\/\/antenasgsm.com\/tienda\/wp-json\/wp\/v2\/types\/product"}],"replies":[{"embeddable":true,"href":"https:\/\/antenasgsm.com\/tienda\/wp-json\/wp\/v2\/comments?post=7788"}],"wp:featuredmedia":[{"embeddable":true,"href":"https:\/\/antenasgsm.com\/tienda\/wp-json\/wp\/v2\/media\/6369"}],"wp:attachment":[{"href":"https:\/\/antenasgsm.com\/tienda\/wp-json\/wp\/v2\/media?parent=7788"}],"wp:term":[{"taxonomy":"product_brand","embeddable":true,"href":"https:\/\/antenasgsm.com\/tienda\/wp-json\/wp\/v2\/product_brand?post=7788"},{"taxonomy":"product_cat","embeddable":true,"href":"https:\/\/antenasgsm.com\/tienda\/wp-json\/wp\/v2\/product_cat?post=7788"},{"taxonomy":"product_tag","embeddable":true,"href":"https:\/\/antenasgsm.com\/tienda\/wp-json\/wp\/v2\/product_tag?post=7788"}],"curies":[{"name":"wp","href":"https:\/\/api.w.org\/{rel}","templated":true}]}}