{"id":7065,"date":"2021-03-30T13:04:22","date_gmt":"2021-03-30T12:04:22","guid":{"rendered":"https:\/\/antenasgsm.com\/tienda\/?post_type=product&#038;p=7065"},"modified":"2025-07-07T10:56:29","modified_gmt":"2025-07-07T09:56:29","slug":"kit-kepler-3-bandas-hasta-80m2-llamadas-4g","status":"publish","type":"product","link":"https:\/\/antenasgsm.com\/tienda\/productos\/kit-kepler-3-bandas-hasta-80m2-llamadas-4g\/","title":{"rendered":"Kit Kepler 3 bandas &#8211; hasta 80m2 (llamadas y 4G)"},"content":{"rendered":"\r\n<h2 class=\"wp-block-heading\" id=\"usos-principales\">Usos principales<\/h2>\r\n\r\n\r\n\r\n<p class=\"has-text-align-center\">\u00a0El kit amplificador<strong> Vectronics Kepler 3 bandas<\/strong> es ideal para <strong>zonas urbanas<\/strong> con muy poca cobertura en el exterior para primeras residencias, casa de campo, naves industriales de <strong>hasta 80m2<\/strong>.\u00a0<\/p>\r\n\r\n\r\n\r\n<p class=\"has-text-align-center\">Funciona con todas las operadoras espa\u00f1olas (Movistar, Vodafone, Orange, Yoigo\u2026).<\/p>\r\n\r\n\r\n\r\n<p class=\"has-text-align-center\">Elige este kit y <strong>ahorra un 10%<\/strong> del precio total de todos los productos por separado.<\/p>\r\n\r\n\r\n\r\n<h2 class=\"wp-block-heading\" id=\"que-incluye\">\u00bfQu\u00e9 incluye?<\/h2>\r\n\r\n\r\n\r\n<figure class=\"wp-block-table\">\r\n<table>\r\n<thead>\r\n<tr>\r\n<th class=\"has-text-align-center\" data-align=\"center\">Uds<\/th>\r\n<th>Producto<\/th>\r\n<th class=\"has-text-align-center\" data-align=\"center\">Enlace<\/th>\r\n<\/tr>\r\n<\/thead>\r\n<tbody>\r\n<tr>\r\n<td class=\"has-text-align-center\" data-align=\"center\">1<\/td>\r\n<td>Amplificador Vectronics Kepler 3 bandas<\/td>\r\n<td class=\"has-text-align-center\" data-align=\"center\">Ver<\/td>\r\n<\/tr>\r\n<tr>\r\n<td class=\"has-text-align-center\" data-align=\"center\">1<\/td>\r\n<td><a href=\".\/productos\/antenas-exteriores\/antena-exterior-28dbi\/\">Antena omnidireccional<\/a><\/td>\r\n<td class=\"has-text-align-center\" data-align=\"center\"><a href=\"https:\/\/antenasgsm.com\/tienda\/productos\/antenas-interiores\/antena-3g-800-2500-para-interior-antena-2g-4g-antena-interna-para-techo-antena-para-telefono-movil-amplificador-gsm-wcdma-repetidor-amplificador-3g\/\" data-type=\"product\" data-id=\"5605\">Ver<\/a><\/td>\r\n<\/tr>\r\n<tr>\r\n<td class=\"has-text-align-center\" data-align=\"center\">1<\/td>\r\n<td><a href=\".\/productos\/antenas-interiores\/antena-interior-panel-cuadrado-9dbi-800-2700mhz\/\">Antena<\/a><a href=\"https:\/\/antenasgsm.com\/tienda\/productos\/antena-interior-5dbi-700-2700mhz\/\" data-type=\"product\" data-id=\"6541\"> interior 12dbi<\/a><\/td>\r\n<td class=\"has-text-align-center\" data-align=\"center\">Ver<\/td>\r\n<\/tr>\r\n<tr>\r\n<td class=\"has-text-align-center\" data-align=\"center\">1<\/td>\r\n<td>Cable exterior 15 metros<\/td>\r\n<td class=\"has-text-align-center\" data-align=\"center\">Ve<\/td>\r\n<\/tr>\r\n<\/tbody>\r\n<\/table>\r\n<\/figure>\r\n\r\n\r\n\r\n<p>&nbsp;<\/p>\r\n\r\n\r\n\r\n<h2 class=\"wp-block-heading\" id=\"que-bandas-amplifica\">\u00bfQu\u00e9 bandas amplifica?<\/h2>\r\n\r\n\r\n\r\n<figure class=\"wp-block-table\">\r\n<table>\r\n<thead>\r\n<tr>\r\n<th>Banda<\/th>\r\n<th>Descripci\u00f3n<\/th>\r\n<\/tr>\r\n<\/thead>\r\n<tbody>\r\n<tr>\r\n<td><strong><mark class=\"has-inline-color has-dark-color\" style=\"background-color: rgba(0, 0, 0, 0);\">Banda 8 (900)<\/mark><\/strong><\/td>\r\n<td>890 \u2013 915Mhz. Llamadas Movistar y Vodafone. No dispone de E-GSM.<\/td>\r\n<\/tr>\r\n<tr>\r\n<td><strong><mark class=\"has-inline-color has-dark-color\" style=\"background-color: rgba(0, 0, 0, 0);\">Banda 3 (1800)<\/mark><\/strong><\/td>\r\n<td>1710 \u2013 1880Mhz. 4G. Llamadas Orange y Yoigo\u00a0<\/td>\r\n<\/tr>\r\n<tr>\r\n<td><strong><mark class=\"has-inline-color has-dark-color\" style=\"background-color: rgba(0, 0, 0, 0);\">Banda 1 (2100)<\/mark><\/strong><\/td>\r\n<td>1920 \u2013 2170Mhz. 3G. Llamadas todas operadoras.\u00a0<\/td>\r\n<\/tr>\r\n<\/tbody>\r\n<\/table>\r\n<\/figure>\r\n\r\n\r\n\r\n<h2 class=\"wp-block-heading\" id=\"resumen-bandas-cobertura-movil\">Resumen bandas cobertura m\u00f3vil<\/h2>\r\n\r\n\r\n\r\n<figure class=\"wp-block-table\">\r\n<table>\r\n<thead>\r\n<tr>\r\n<th>Operadora<\/th>\r\n<th class=\"has-text-align-center\" data-align=\"center\">Llamadas 900mhz<\/th>\r\n<th class=\"has-text-align-center\" data-align=\"center\">Llamadas 1800mhz<\/th>\r\n<th class=\"has-text-align-center\" data-align=\"center\">Llamadas 2100mhz<\/th>\r\n<th class=\"has-text-align-center\" data-align=\"center\">3G 2100mhz<\/th>\r\n<th class=\"has-text-align-center\" data-align=\"center\">4G 1800mhz<\/th>\r\n<\/tr>\r\n<\/thead>\r\n<tbody>\r\n<tr>\r\n<td><strong><span class=\"has-inline-color has-dark-color\">Movistar<\/span><\/strong><\/td>\r\n<td class=\"has-text-align-center\" data-align=\"center\">v<\/td>\r\n<td class=\"has-text-align-center\" data-align=\"center\">\u00a0<\/td>\r\n<td class=\"has-text-align-center\" data-align=\"center\">v<\/td>\r\n<td class=\"has-text-align-center\" data-align=\"center\">v<\/td>\r\n<td class=\"has-text-align-center\" data-align=\"center\">v<\/td>\r\n<\/tr>\r\n<tr>\r\n<td><strong><span class=\"has-inline-color has-dark-color\">Vodafone<\/span><\/strong><\/td>\r\n<td class=\"has-text-align-center\" data-align=\"center\">v<\/td>\r\n<td class=\"has-text-align-center\" data-align=\"center\">\u00a0<\/td>\r\n<td class=\"has-text-align-center\" data-align=\"center\">v<\/td>\r\n<td class=\"has-text-align-center\" data-align=\"center\">v<\/td>\r\n<td class=\"has-text-align-center\" data-align=\"center\">v<\/td>\r\n<\/tr>\r\n<tr>\r\n<td><strong><span class=\"has-inline-color has-dark-color\">Orange<\/span><\/strong><\/td>\r\n<td class=\"has-text-align-center\" data-align=\"center\">\u00a0<\/td>\r\n<td class=\"has-text-align-center\" data-align=\"center\">v<\/td>\r\n<td class=\"has-text-align-center\" data-align=\"center\">v<\/td>\r\n<td class=\"has-text-align-center\" data-align=\"center\">v<\/td>\r\n<td class=\"has-text-align-center\" data-align=\"center\">v<\/td>\r\n<\/tr>\r\n<tr>\r\n<td><strong><span class=\"has-inline-color has-dark-color\">Yoigo<\/span><\/strong><\/td>\r\n<td class=\"has-text-align-center\" data-align=\"center\">\u00a0<\/td>\r\n<td class=\"has-text-align-center\" data-align=\"center\">v<\/td>\r\n<td class=\"has-text-align-center\" data-align=\"center\">v<\/td>\r\n<td class=\"has-text-align-center\" data-align=\"center\">v<\/td>\r\n<td class=\"has-text-align-center\" data-align=\"center\">v<\/td>\r\n<\/tr>\r\n<\/tbody>\r\n<\/table>\r\n<\/figure>\r\n\r\n\r\n\r\n<h2 class=\"wp-block-heading\" id=\"como-instalo-el-kit-amplificador\">\u00bfComo instalo el kit amplificador?<\/h2>\r\n\r\n\r\n<div class=\"wp-block-image\">\r\n<figure class=\"aligncenter size-large is-resized\"><img loading=\"lazy\" decoding=\"async\" class=\"wp-image-6378\" src=\"https:\/\/antenasgsm.com\/tienda\/wp-content\/uploads\/2020\/12\/image.png\" alt=\"\" width=\"557\" height=\"417\" srcset=\"https:\/\/antenasgsm.com\/tienda\/wp-content\/uploads\/2020\/12\/image.png 800w, https:\/\/antenasgsm.com\/tienda\/wp-content\/uploads\/2020\/12\/image-247x185.png 247w, https:\/\/antenasgsm.com\/tienda\/wp-content\/uploads\/2020\/12\/image-510x383.png 510w, https:\/\/antenasgsm.com\/tienda\/wp-content\/uploads\/2020\/12\/image-64x48.png 64w, https:\/\/antenasgsm.com\/tienda\/wp-content\/uploads\/2020\/12\/image-533x400.png 533w, https:\/\/antenasgsm.com\/tienda\/wp-content\/uploads\/2020\/12\/image-280x210.png 280w, https:\/\/antenasgsm.com\/tienda\/wp-content\/uploads\/2020\/12\/image-120x90.png 120w\" sizes=\"auto, (max-width: 557px) 100vw, 557px\" \/>\r\n<figcaption>Esquema b\u00e1sico de instalaci\u00f3n est\u00e1ndar<\/figcaption>\r\n<\/figure>\r\n<\/div>\r\n\r\n\r\n<h5 class=\"wp-block-heading\" id=\"puntos-importantes-antes-de-realizar-la-instalacion\">PUNTOS IMPORTANTES ANTES DE REALIZAR LA INSTALACI\u00d3N<\/h5>\r\n\r\n\r\n\r\n<p><br \/><strong>PUNTO 1: <\/strong>Entre la antena exterior receptora y la antena interior emisora tiene que haber una distancia m\u00ednima de 10 metros en l\u00ednea recta. Si no la hay, las antenas se acoplaran creando interferencias y el amplificador no funcionar\u00e1 bien.<\/p>\r\n\r\n\r\n\r\n<p><strong>PUNTO 2: <\/strong>Es importante que cuando al principio realices pruebas de colocaci\u00f3n de las antenas, repetidor y dem\u00e1s, no fijes los cables ya a la pared o los pases por tubos, ya que en caso de que el amplificador no sirva para tu caso en concreto y tengas que devolverlo si el cable est\u00e1 magullado no podremos reembolsar el importe del cable.<\/p>\r\n\r\n\r\n\r\n<h5 id=\"pasos-a-seguir\" class=\"has-text-align-center wp-block-heading\">Pasos a seguir:<\/h5>\r\n\r\n\r\n\r\n<p>1. Instalaremos la antena exterior en la <strong>parte m\u00e1s elevada de la casa<\/strong>. Normalmente en el m\u00e1stil donde hay otras antenas como la de televisi\u00f3n. <strong>Cuanto m\u00e1s elevada est\u00e9 situada, mejor se\u00f1al recibir\u00e1 la antena<\/strong>, y m\u00e1s calidad de se\u00f1al entregar\u00e1 el amplificador. Con la <strong>antena exterior omnidireccional<\/strong> no habr\u00e1 que orientarla, s\u00f3lo bastar\u00e1 con instalarla de forma vertical.<\/p>\r\n\r\n\r\n\r\n<p>2. Seguidamente, conectaremos la antena exterior al amplificador mediante el cable <strong>RG-58 de 15m<\/strong> incluido en el Kit. El cable se tiene que conectar en el puerto &#8220;<strong>BTS<\/strong>&#8221; del amplificador.<\/p>\r\n\r\n\r\n\r\n<p>3. Conectaremos la antena interior de &#8220;palo&#8221; en el puerto &#8220;<strong>MS<\/strong>&#8221; del amplificador.<\/p>\r\n\r\n\r\n\r\n<p>6. Finalmente conectaremos el adaptador de corriente al amplificador, y luego el adaptador a la corriente y autom\u00e1ticamente se encender\u00e1.<\/p>\r\n\r\n\r\n\r\n<p>7. Finalmente, podremos comprobar que la se\u00f1al del m\u00f3vil ha mejorado teniendo en cuenta la pantalla digital que incorpora el amplificador.<\/p>\r\n\r\n\r\n\r\n<p>Para cualquier duda, escr\u00edbenos al Whatsapp al <strong>644 171 058<\/strong>. Puedes adjuntarnos fotos del amplificador para mejor soporte t\u00e9cnico.<\/p>\r\n","protected":false},"excerpt":{"rendered":"[agsm_product_details]Ideal para negocios y viviendas de poca superf\u00edcie.[\/agsm_product_details]\n","protected":false},"featured_media":7369,"comment_status":"open","ping_status":"closed","template":"","meta":[],"product_brand":[],"product_cat":[25],"product_tag":[286,287,104,105,106,266,101,102,288,103,243],"class_list":{"0":"post-7065","1":"product","2":"type-product","3":"status-publish","4":"has-post-thumbnail","6":"product_cat-amplificadores-cobertura-llamadas-internet-2g-3g-4g-5g","7":"product_tag-286","8":"product_tag-287","9":"product_tag-2g","10":"product_tag-3g","11":"product_tag-4g","12":"product_tag-266","13":"product_tag-amplificador","14":"product_tag-antenasgsm","15":"product_tag-kepler","16":"product_tag-senal","17":"product_tag-vectronics","18":"pa_tamano-casa-pequena","19":"pa_tecnologia-que-amplifica-2g","20":"pa_tecnologia-que-amplifica-3g","21":"pa_tecnologia-que-amplifica-4g","22":"pa_tecnologia-que-amplifica-5g","23":"pa_tecnologia-que-amplifica-voz","25":"first","26":"instock","27":"sale","28":"featured","29":"taxable","30":"shipping-taxable","31":"purchasable","32":"product-type-bundle"},"bundled_by":[],"bundle_stock_status":"instock","bundle_stock_quantity":"","bundle_virtual":false,"bundle_layout":"default","bundle_add_to_cart_form_location":"default","bundle_editable_in_cart":false,"bundle_sold_individually_context":"product","bundle_item_grouping":"parent","bundle_min_size":"","bundle_max_size":"","bundle_price":{"price":{"min":{"incl_tax":"279.95","excl_tax":"231.363636"},"max":{"incl_tax":"279.95","excl_tax":"231.363636"}},"regular_price":{"min":{"incl_tax":"299.95","excl_tax":"247.892562"},"max":{"incl_tax":"299.95","excl_tax":"247.892562"}}},"bundled_items":[{"bundled_item_id":19,"product_id":8214,"menu_order":0,"quantity_min":1,"quantity_max":1,"quantity_default":1,"priced_individually":false,"shipped_individually":false,"override_title":false,"title":"Amplificador Kepler","override_description":false,"description":"","optional":false,"hide_thumbnail":false,"discount":"","override_variations":false,"allowed_variations":[],"override_default_variation_attributes":false,"default_variation_attributes":[],"single_product_visibility":"hidden","cart_visibility":"hidden","order_visibility":"visible","single_product_price_visibility":"visible","cart_price_visibility":"visible","order_price_visibility":"visible","stock_status":"on_backorder"},{"bundled_item_id":16,"product_id":5568,"menu_order":1,"quantity_min":1,"quantity_max":1,"quantity_default":1,"priced_individually":false,"shipped_individually":false,"override_title":false,"title":"Antena exterior omnidireccional","override_description":false,"description":"","optional":false,"hide_thumbnail":false,"discount":"","override_variations":false,"allowed_variations":[],"override_default_variation_attributes":false,"default_variation_attributes":[],"single_product_visibility":"hidden","cart_visibility":"hidden","order_visibility":"visible","single_product_price_visibility":"visible","cart_price_visibility":"visible","order_price_visibility":"visible","stock_status":"on_backorder"},{"bundled_item_id":17,"product_id":6541,"menu_order":2,"quantity_min":1,"quantity_max":1,"quantity_default":1,"priced_individually":false,"shipped_individually":false,"override_title":false,"title":"Antena interior N Macho (palo)","override_description":false,"description":"","optional":false,"hide_thumbnail":false,"discount":"","override_variations":false,"allowed_variations":[],"override_default_variation_attributes":false,"default_variation_attributes":[],"single_product_visibility":"hidden","cart_visibility":"hidden","order_visibility":"visible","single_product_price_visibility":"visible","cart_price_visibility":"visible","order_price_visibility":"visible","stock_status":"on_backorder"},{"bundled_item_id":24,"product_id":8226,"menu_order":3,"quantity_min":1,"quantity_max":1,"quantity_default":1,"priced_individually":false,"shipped_individually":false,"override_title":false,"title":"Adaptador N hembra a SMA macho","override_description":false,"description":"","optional":false,"hide_thumbnail":false,"discount":"","override_variations":false,"allowed_variations":[],"override_default_variation_attributes":false,"default_variation_attributes":[],"single_product_visibility":"hidden","cart_visibility":"hidden","order_visibility":"visible","single_product_price_visibility":"visible","cart_price_visibility":"visible","order_price_visibility":"visible","stock_status":"in_stock"},{"bundled_item_id":26,"product_id":8234,"menu_order":4,"quantity_min":1,"quantity_max":1,"quantity_default":1,"priced_individually":false,"shipped_individually":false,"override_title":false,"title":"Enroscado de conector-5 en antena de palo","override_description":false,"description":"","optional":false,"hide_thumbnail":false,"discount":"","override_variations":false,"allowed_variations":[],"override_default_variation_attributes":false,"default_variation_attributes":[],"single_product_visibility":"hidden","cart_visibility":"hidden","order_visibility":"visible","single_product_price_visibility":"visible","cart_price_visibility":"visible","order_price_visibility":"visible","stock_status":"in_stock"},{"bundled_item_id":18,"product_id":7762,"menu_order":5,"quantity_min":1,"quantity_max":1,"quantity_default":1,"priced_individually":false,"shipped_individually":false,"override_title":false,"title":"Cable RG-58 - 15 metros","override_description":false,"description":"","optional":false,"hide_thumbnail":false,"discount":"","override_variations":false,"allowed_variations":[],"override_default_variation_attributes":false,"default_variation_attributes":[],"single_product_visibility":"hidden","cart_visibility":"hidden","order_visibility":"visible","single_product_price_visibility":"visible","cart_price_visibility":"visible","order_price_visibility":"visible","stock_status":"on_backorder"},{"bundled_item_id":25,"product_id":8236,"menu_order":6,"quantity_min":1,"quantity_max":1,"quantity_default":1,"priced_individually":false,"shipped_individually":false,"override_title":false,"title":"Desenroscado de uno de los conectores del cable de 15m","override_description":false,"description":"","optional":false,"hide_thumbnail":false,"discount":"","override_variations":false,"allowed_variations":[],"override_default_variation_attributes":false,"default_variation_attributes":[],"single_product_visibility":"hidden","cart_visibility":"hidden","order_visibility":"visible","single_product_price_visibility":"visible","cart_price_visibility":"visible","order_price_visibility":"visible","stock_status":"in_stock"}],"bundle_sell_ids":[],"_links":{"self":[{"href":"https:\/\/antenasgsm.com\/tienda\/wp-json\/wp\/v2\/product\/7065","targetHints":{"allow":["GET"]}}],"collection":[{"href":"https:\/\/antenasgsm.com\/tienda\/wp-json\/wp\/v2\/product"}],"about":[{"href":"https:\/\/antenasgsm.com\/tienda\/wp-json\/wp\/v2\/types\/product"}],"replies":[{"embeddable":true,"href":"https:\/\/antenasgsm.com\/tienda\/wp-json\/wp\/v2\/comments?post=7065"}],"wp:featuredmedia":[{"embeddable":true,"href":"https:\/\/antenasgsm.com\/tienda\/wp-json\/wp\/v2\/media\/7369"}],"wp:attachment":[{"href":"https:\/\/antenasgsm.com\/tienda\/wp-json\/wp\/v2\/media?parent=7065"}],"wp:term":[{"taxonomy":"product_brand","embeddable":true,"href":"https:\/\/antenasgsm.com\/tienda\/wp-json\/wp\/v2\/product_brand?post=7065"},{"taxonomy":"product_cat","embeddable":true,"href":"https:\/\/antenasgsm.com\/tienda\/wp-json\/wp\/v2\/product_cat?post=7065"},{"taxonomy":"product_tag","embeddable":true,"href":"https:\/\/antenasgsm.com\/tienda\/wp-json\/wp\/v2\/product_tag?post=7065"}],"curies":[{"name":"wp","href":"https:\/\/api.w.org\/{rel}","templated":true}]}}