{"id":6895,"date":"2021-03-10T20:21:30","date_gmt":"2021-03-10T19:21:30","guid":{"rendered":"https:\/\/antenasgsm.com\/tienda\/?post_type=product&#038;p=6895"},"modified":"2023-11-08T12:03:36","modified_gmt":"2023-11-08T11:03:36","slug":"vcs-router-4g-300-6-antenas","status":"publish","type":"product","link":"https:\/\/antenasgsm.com\/tienda\/productos\/vcs-router-4g-300-6-antenas\/","title":{"rendered":"Vectronics router 4G SIM"},"content":{"rendered":"\r\n<p><strong>Vectronics router 4G SIM<\/strong> proporciona una velocidad de transmisi\u00f3n inal\u00e1mbrica de hasta 300Mbps y permite introducir dos tarjetas SIM de tu operadora de telefon\u00eda m\u00f3vil.<\/p>\r\n\r\n\r\n\r\n<p>Produce un punto de acceso <strong>WiFi de 2,4 GHz<\/strong> con una gran cobertura <strong>WiFi de 300 metros cuadrados<\/strong>. La conexi\u00f3n a Internet alcanza hasta <strong>32 usuarios WiFi<\/strong>, dispone de 6 antenas, un dise\u00f1o elegante y delgado para encajar perfectamente en tu hogar. Con pantalla indicadora LED para ver el estado f\u00e1cilmente. Admite WiFi de 2,4 GHz, velocidad WiFi de hasta 300Mbps, y <strong>reduce eficazmente las interferencias de frecuencia<\/strong>. Mejora el rango de transmisi\u00f3n inal\u00e1mbrica y e<strong>limina las zonas muertas. <\/strong><\/p>\r\n\r\n\r\n\r\n<p>Te permite disfrutar de la libertad inal\u00e1mbrica en cualquier lugar de tu casa. Dispone de cifrado <strong>WPA \/ WPA2<\/strong>. Proporciona alta velocidad para <strong>32 usuarios simult\u00e1neamente<\/strong>, lo que te hace tener un mayor disfrute inal\u00e1mbrico all\u00e1 donde vayas.<\/p>\r\n\r\n\r\n\r\n<p>&nbsp;<\/p>\r\n\r\n\r\n\r\n<h2 class=\"wp-block-heading\">\u00bfQu\u00e9 bandas soporta?<\/h2>\r\n\r\n\r\n\r\n<figure class=\"wp-block-table is-style-regular\">\r\n<table>\r\n<thead>\r\n<tr>\r\n<th>Banda<\/th>\r\n<th>Descripci\u00f3n<\/th>\r\n<\/tr>\r\n<\/thead>\r\n<tbody>\r\n<tr>\r\n<td><strong>4G LTE FDD<\/strong><\/td>\r\n<td>B1 \/ B3 \/ B7 \/ B8 \/ B20 \/ B28A (2100\/1800\/850\/2600\/900\/800MHZ)<\/td>\r\n<\/tr>\r\n<tr>\r\n<td><strong>3G WCDMA<\/strong><\/td>\r\n<td>B1 \/ B8 (2100 \/ 900 mhz)<\/td>\r\n<\/tr>\r\n<tr>\r\n<td><strong>2G GSM<\/strong><\/td>\r\n<td>B3 \/ B8 (1800 \/ 900 mhz)<\/td>\r\n<\/tr>\r\n<\/tbody>\r\n<\/table>\r\n<\/figure>\r\n\r\n\r\n\r\n<h2 class=\"wp-block-heading\">Especificaciones t\u00e9cnicas<\/h2>\r\n\r\n\r\n\r\n<figure class=\"wp-block-table is-style-regular\">\r\n<table>\r\n<tbody>\r\n<tr>\r\n<td><strong>Tecnolog\u00eda WIFI<\/strong><\/td>\r\n<td>RTL8192 802.11 b\/g\/n 300Mbps (2 antenas)<\/td>\r\n<\/tr>\r\n<tr>\r\n<td><strong>Tecnolog\u00eda Ethernet<\/strong><\/td>\r\n<td>MDM9207\u2026 CAT4 150Mbps<\/td>\r\n<\/tr>\r\n<tr>\r\n<td><strong>Tecnolog\u00eda LTE<\/strong><\/td>\r\n<td>4 antenas 4G LTE<\/td>\r\n<\/tr>\r\n<tr>\r\n<td><strong>Puertos LAN<\/strong><\/td>\r\n<td>3 puertos RJ45<\/td>\r\n<\/tr>\r\n<tr>\r\n<td><strong>Puerto WAN<\/strong><\/td>\r\n<td>1 puerto RJ45<\/td>\r\n<\/tr>\r\n<tr>\r\n<td><strong>Rango de transmisi\u00f3n<\/strong><\/td>\r\n<td>50-100 metros<\/td>\r\n<\/tr>\r\n<tr>\r\n<td><strong>Temperatura de trabajo:<\/strong><\/td>\r\n<td>-10 \u2103 ~ 40 \u2103 para almacenamiento \/ -20 \u2103 ~ 75 \u2103 para trabajo<\/td>\r\n<\/tr>\r\n<tr>\r\n<td><strong>Fuente de alimentaci\u00f3n:<\/strong><\/td>\r\n<td>Fuente de alimentaci\u00f3n 12V &#8211; 1amperio<\/td>\r\n<\/tr>\r\n<tr>\r\n<td><strong>Tama\u00f1o:<\/strong><\/td>\r\n<td>170mm x 110mm x 26mm<\/td>\r\n<\/tr>\r\n<\/tbody>\r\n<\/table>\r\n<\/figure>\r\n\r\n\r\n\r\n<p>* El puerto WAN tambi\u00e9n puede usarse como puerto LAN. Tanto el puerto WAN como el LAN est\u00e1n marcados con un color diferente en la carcasa<\/p>\r\n\r\n\r\n\r\n<figure class=\"wp-block-gallery columns-2 is-cropped wp-block-gallery-1 is-layout-flex wp-block-gallery-is-layout-flex\">\r\n<ul class=\"blocks-gallery-grid\">\r\n<li class=\"blocks-gallery-item\">\r\n<figure><img loading=\"lazy\" decoding=\"async\" width=\"571\" height=\"607\" class=\"wp-image-6900\" src=\"https:\/\/antenasgsm.com\/tienda\/wp-content\/uploads\/2021\/03\/3-1.jpg\" alt=\"\" data-id=\"6900\" data-link=\"https:\/\/antenasgsm.com\/tienda\/?attachment_id=6900\" srcset=\"https:\/\/antenasgsm.com\/tienda\/wp-content\/uploads\/2021\/03\/3-1.jpg 571w, https:\/\/antenasgsm.com\/tienda\/wp-content\/uploads\/2021\/03\/3-1-247x263.jpg 247w, https:\/\/antenasgsm.com\/tienda\/wp-content\/uploads\/2021\/03\/3-1-510x542.jpg 510w, https:\/\/antenasgsm.com\/tienda\/wp-content\/uploads\/2021\/03\/3-1-64x68.jpg 64w, https:\/\/antenasgsm.com\/tienda\/wp-content\/uploads\/2021\/03\/3-1-376x400.jpg 376w, https:\/\/antenasgsm.com\/tienda\/wp-content\/uploads\/2021\/03\/3-1-263x280.jpg 263w, https:\/\/antenasgsm.com\/tienda\/wp-content\/uploads\/2021\/03\/3-1-113x120.jpg 113w\" sizes=\"auto, (max-width: 571px) 100vw, 571px\" \/><\/figure>\r\n<\/li>\r\n<li class=\"blocks-gallery-item\">\r\n<figure><img loading=\"lazy\" decoding=\"async\" width=\"595\" height=\"684\" class=\"wp-image-6901\" src=\"https:\/\/antenasgsm.com\/tienda\/wp-content\/uploads\/2021\/03\/2-1.jpg\" alt=\"\" data-id=\"6901\" data-full-url=\"https:\/\/antenasgsm.com\/tienda\/wp-content\/uploads\/2021\/03\/2-1.jpg\" data-link=\"https:\/\/antenasgsm.com\/tienda\/?attachment_id=6901\" srcset=\"https:\/\/antenasgsm.com\/tienda\/wp-content\/uploads\/2021\/03\/2-1.jpg 595w, https:\/\/antenasgsm.com\/tienda\/wp-content\/uploads\/2021\/03\/2-1-247x284.jpg 247w, https:\/\/antenasgsm.com\/tienda\/wp-content\/uploads\/2021\/03\/2-1-510x586.jpg 510w, https:\/\/antenasgsm.com\/tienda\/wp-content\/uploads\/2021\/03\/2-1-64x74.jpg 64w, https:\/\/antenasgsm.com\/tienda\/wp-content\/uploads\/2021\/03\/2-1-348x400.jpg 348w, https:\/\/antenasgsm.com\/tienda\/wp-content\/uploads\/2021\/03\/2-1-244x280.jpg 244w, https:\/\/antenasgsm.com\/tienda\/wp-content\/uploads\/2021\/03\/2-1-104x120.jpg 104w\" sizes=\"auto, (max-width: 595px) 100vw, 595px\" \/><\/figure>\r\n<\/li>\r\n<\/ul>\r\n<\/figure>\r\n","protected":false},"excerpt":{"rendered":"<p><strong data-rich-text-format-boundary=\"true\">Vectronics routers 4G SIM<\/strong>\u00a0proporciona una velocidad de transmisi\u00f3n inal\u00e1mbrica de hasta 300Mbps.<\/p>\n","protected":false},"featured_media":6896,"comment_status":"open","ping_status":"closed","template":"","meta":[],"product_brand":[],"product_cat":[107],"product_tag":[108],"class_list":{"0":"post-6895","1":"product","2":"type-product","3":"status-publish","4":"has-post-thumbnail","6":"product_cat-routers-4g-5g","7":"product_tag-router","9":"first","10":"instock","11":"sale","12":"taxable","13":"shipping-taxable","14":"purchasable","15":"product-type-simple"},"bundled_by":[],"bundle_stock_status":"instock","bundle_stock_quantity":1,"bundle_virtual":false,"bundle_layout":"","bundle_add_to_cart_form_location":"","bundle_editable_in_cart":false,"bundle_sold_individually_context":"","bundle_item_grouping":"","bundle_min_size":"","bundle_max_size":"","bundle_price":[],"bundled_items":[],"bundle_sell_ids":[],"_links":{"self":[{"href":"https:\/\/antenasgsm.com\/tienda\/wp-json\/wp\/v2\/product\/6895","targetHints":{"allow":["GET"]}}],"collection":[{"href":"https:\/\/antenasgsm.com\/tienda\/wp-json\/wp\/v2\/product"}],"about":[{"href":"https:\/\/antenasgsm.com\/tienda\/wp-json\/wp\/v2\/types\/product"}],"replies":[{"embeddable":true,"href":"https:\/\/antenasgsm.com\/tienda\/wp-json\/wp\/v2\/comments?post=6895"}],"wp:featuredmedia":[{"embeddable":true,"href":"https:\/\/antenasgsm.com\/tienda\/wp-json\/wp\/v2\/media\/6896"}],"wp:attachment":[{"href":"https:\/\/antenasgsm.com\/tienda\/wp-json\/wp\/v2\/media?parent=6895"}],"wp:term":[{"taxonomy":"product_brand","embeddable":true,"href":"https:\/\/antenasgsm.com\/tienda\/wp-json\/wp\/v2\/product_brand?post=6895"},{"taxonomy":"product_cat","embeddable":true,"href":"https:\/\/antenasgsm.com\/tienda\/wp-json\/wp\/v2\/product_cat?post=6895"},{"taxonomy":"product_tag","embeddable":true,"href":"https:\/\/antenasgsm.com\/tienda\/wp-json\/wp\/v2\/product_tag?post=6895"}],"curies":[{"name":"wp","href":"https:\/\/api.w.org\/{rel}","templated":true}]}}