{"id":6787,"date":"2021-03-03T22:15:43","date_gmt":"2021-03-03T21:15:43","guid":{"rendered":"https:\/\/antenasgsm.com\/tienda\/?post_type=product&#038;p=6787"},"modified":"2022-02-10T13:55:27","modified_gmt":"2022-02-10T12:55:27","slug":"kuwfi-router-4g-portatil-300mbps","status":"publish","type":"product","link":"https:\/\/antenasgsm.com\/tienda\/productos\/kuwfi-router-4g-portatil-300mbps\/","title":{"rendered":"Kuwfi router 4G  port\u00e1til 300Mbps"},"content":{"rendered":"\n<p><strong>El router WiFi 4G Kuwfi<\/strong> proporciona una velocidad de transmisi\u00f3n inal\u00e1mbrica de hasta 300Mbps.<\/p>\n\n\n\n<p>Produce un punto de acceso <strong>WiFi de 2,4 GHz<\/strong> con una gran cobertura <strong>WiFi de 20 metros cuadrados<\/strong>. La conexi\u00f3n a Internet alcanza hasta <strong>10 usuarios WiFi<\/strong>, dispone de antena dual interna, se\u00f1al 4G que admite Cat4, velocidad de descarga de hasta 150Mbps, velocidad de carga de hasta 50Mbps.<\/p>\n\n\n\n<p>Un dise\u00f1o elegante y port\u00e1til para poder llevar a cualquier lado. Con pantalla indicadora LED, ves el estado f\u00e1cilmente. Admite WiFi de 2,4 GHz, velocidad WiFi de hasta 300Mbps, y <strong>reduce eficazmente las interferencias de frecuencia<\/strong>.  Mejora el rango de transmisi\u00f3n inal\u00e1mbrica y e<strong>limina las zonas muertas. <\/strong><\/p>\n\n\n\n<p>Antena integrada, 2T2R, MIMO. Disfruta de una <strong>conectividad inal\u00e1mbrica r\u00e1pida y segura<\/strong> donde quiera que vaya.<\/p>\n\n\n\n<p>Te permite disfrutar de la libertad inal\u00e1mbrica en cualquier lugar del pa\u00eds. <strong>Viene con un cable USB para poder recargar<\/strong> y bater\u00eda integrada de 3000 mah con 10-12 horas de tiempo de uso. Dispone de cifrado <strong>WPA \/ WPA2<\/strong>. Proporciona alta velocidad para <strong>10 usuarios simult\u00e1neamente<\/strong>, lo que te hace tener un mayor disfrute inal\u00e1mbrico all\u00e1 donde vayas. <\/p>\n\n\n\n<p>Peque\u00f1o y ligero, con un peso de solo 80 gramos, perfecto para llevar en el bolso o bolsillo.<\/p>\n\n\n\n<p><\/p>\n\n\n\n<h2 class=\"wp-block-heading\">\u00bfQu\u00e9 bandas soporta?<\/h2>\n\n\n\n<figure class=\"wp-block-table is-style-regular\"><table><thead><tr><th>Banda<\/th><th>Descripci\u00f3n<\/th><\/tr><\/thead><tbody><tr><td><strong>4G LTE FDD<\/strong><\/td><td>B1 \/ B3 \/ B5 \/ B7 \/ B8 \/ B20<\/td><\/tr><tr><td><strong>4G LTE FDD<\/strong><\/td><td>B38 \/ B40 \/ B41<\/td><\/tr><tr><td><strong>3G WCDMA<\/strong><\/td><td>B1 \/ B5 \/ B8<\/td><\/tr><\/tbody><\/table><\/figure>\n\n\n\n<h2 class=\"wp-block-heading\">Especificaciones t\u00e9cnicas<\/h2>\n\n\n\n<figure class=\"wp-block-table is-style-regular\"><table><tbody><tr><td><strong>Tecnolog\u00eda WIFI<\/strong><\/td><td>802.11n de 300 mbps<\/td><\/tr><tr><td><strong>Tecnolog\u00eda 4G<\/strong><\/td><td>2T2R, MIMO con velocidad de descarga de 150 Mpbs y carga de hasta 50 Mbps<\/td><\/tr><tr><td><strong>Usuarios simult\u00e1neos<\/strong><\/td><td>10<\/td><\/tr><tr><td><strong>Rango WIFI<\/strong><\/td><td>20 metros<\/td><\/tr><tr><td><strong>Rango de transmisi\u00f3n<\/strong><\/td><td>50-100 metros<\/td><\/tr><tr><td><strong>Temperatura de trabajo:<\/strong><\/td><td>-10 \u2103 ~ 40 \u2103 para almacenamiento \/  -20 \u2103 ~ 75 \u2103 para trabajo<\/td><\/tr><tr><td><strong>Bater\u00eda<\/strong><\/td><td>3000 mah (10-12 horas de uso)<\/td><\/tr><tr><td><strong>Tama\u00f1o:<\/strong><\/td><td>91mm x 58mm x 16mm<\/td><\/tr><tr><td><strong>Peso:<\/strong><\/td><td>80 gramos<\/td><\/tr><\/tbody><\/table><\/figure>\n\n\n\n<p>Informaci\u00f3n del paquete: 1*4G WiFi Router 1 * bater\u00eda (3000mAh) 1 * Cable USB<\/p>\n","protected":false},"excerpt":{"rendered":"<p>Produce un punto de acceso\u00a0<strong>WiFi de 2,4 GHz<\/strong>\u00a0con una gran cobertura\u00a0<strong>WiFi de 20 metros cuadrados<\/strong>. La conexi\u00f3n a Internet alcanza hasta\u00a0<strong>10 usuarios WiFi<\/strong>, dispone de antena dual interna.<\/p>\n","protected":false},"featured_media":6789,"comment_status":"open","ping_status":"closed","template":"","meta":[],"product_brand":[],"product_cat":[107],"product_tag":[108],"class_list":{"0":"post-6787","1":"product","2":"type-product","3":"status-publish","4":"has-post-thumbnail","6":"product_cat-routers-4g-5g","7":"product_tag-router","9":"first","10":"instock","11":"sale","12":"taxable","13":"shipping-taxable","14":"purchasable","15":"product-type-simple"},"bundled_by":[],"bundle_stock_status":"instock","bundle_stock_quantity":2,"bundle_virtual":false,"bundle_layout":"","bundle_add_to_cart_form_location":"","bundle_editable_in_cart":false,"bundle_sold_individually_context":"","bundle_item_grouping":"","bundle_min_size":"","bundle_max_size":"","bundle_price":[],"bundled_items":[],"bundle_sell_ids":[],"_links":{"self":[{"href":"https:\/\/antenasgsm.com\/tienda\/wp-json\/wp\/v2\/product\/6787","targetHints":{"allow":["GET"]}}],"collection":[{"href":"https:\/\/antenasgsm.com\/tienda\/wp-json\/wp\/v2\/product"}],"about":[{"href":"https:\/\/antenasgsm.com\/tienda\/wp-json\/wp\/v2\/types\/product"}],"replies":[{"embeddable":true,"href":"https:\/\/antenasgsm.com\/tienda\/wp-json\/wp\/v2\/comments?post=6787"}],"wp:featuredmedia":[{"embeddable":true,"href":"https:\/\/antenasgsm.com\/tienda\/wp-json\/wp\/v2\/media\/6789"}],"wp:attachment":[{"href":"https:\/\/antenasgsm.com\/tienda\/wp-json\/wp\/v2\/media?parent=6787"}],"wp:term":[{"taxonomy":"product_brand","embeddable":true,"href":"https:\/\/antenasgsm.com\/tienda\/wp-json\/wp\/v2\/product_brand?post=6787"},{"taxonomy":"product_cat","embeddable":true,"href":"https:\/\/antenasgsm.com\/tienda\/wp-json\/wp\/v2\/product_cat?post=6787"},{"taxonomy":"product_tag","embeddable":true,"href":"https:\/\/antenasgsm.com\/tienda\/wp-json\/wp\/v2\/product_tag?post=6787"}],"curies":[{"name":"wp","href":"https:\/\/api.w.org\/{rel}","templated":true}]}}