{"id":6772,"date":"2021-03-03T18:16:55","date_gmt":"2021-03-03T17:16:55","guid":{"rendered":"https:\/\/antenasgsm.com\/tienda\/?post_type=product&#038;p=6772"},"modified":"2022-02-10T13:55:20","modified_gmt":"2022-02-10T12:55:20","slug":"avm-fritzbox-6890-lte-international","status":"publish","type":"product","link":"https:\/\/antenasgsm.com\/tienda\/productos\/avm-fritzbox-6890-lte-international\/","title":{"rendered":"AVM FRITZ!Box 6890 LTE International"},"content":{"rendered":"\n<p><strong>Modem Router 4G AVM FRITZ!Box 6890 &#8211; Tope de gama.<\/strong> De los mejores del mercado.<\/p>\n\n\n\n<p>Descubra el FRITZ!Box 6890 LTE el nuevo lanzamiento de AVM. El nuevo \u201ctodo en uno\u201d de AVM incorpora un m\u00f3dem LTE para las bandas de frecuencia de 800, 900, 1800, 2100 y 2600 MHz un m\u00f3dem SIM\/VDSL\/ADSL2+ y una interfaz WAN Gigabit para la conectividad con un cable m\u00f3dem o un terminal de fibra \u00f3ptica. El punto de acceso WiFI AC de 4&#215;4 con MU-MIMO soporta hasta 2533 Mbps y proporciona un alcance y una velocidad a\u00fan mayores. La centralita telef\u00f3nica soporta la telefon\u00eda VoIP y\/o fija e incorpora una base DECT para conectar hasta 6 tel\u00e9fonos inal\u00e1mbricos. Descubra este supermodelo para Internet, telefon\u00eda y multimedia. El FRITZ!Box 6890 LTE incorpora una red Mesh en su hogar.<\/p>\n\n\n\n<p><strong>M\u00f3dem lte (4G y 3G) Cat. 6 (fdd), vdsl\/adsl2+<\/strong>, puerto wan gigabit para la conectividad con un cable m\u00f3dem o un terminal de fibra \u00f3ptica, control parental configurable, fritz. Os con actualizaciones gratuitas, interfaz en espa\u00f1ol<\/p>\n\n\n\n<p><strong>Router 4&#215;4 wifi ac mu-mimo<\/strong> 1.733 mbps (5ghz) + 800 mbps (2.4ghz), mesh<\/p>\n\n\n\n<p>4 x lan gigabit para conectar ordenadores y videoconsolas, 2 x usb 3.0 para impresoras y\/o dispositivos de almacenamiento en red, fritz. Nas, servidor multimedia (upnp av)<\/p>\n\n\n\n<p>C<strong>entralita telef\u00f3nica para telefon\u00eda ip (voip)<\/strong> o fija con voice-to-mail y fax, estaci\u00f3n base dect integrada para seis tel\u00e9fonos inal\u00e1mbricos, puertos para tel\u00e9fonos anal\u00f3gicos y rdsi<\/p>\n\n\n\n<p><strong>Contenido de la caja: <\/strong>fritz. Box 6890 lte, cable de conexi\u00f3n telef\u00f3nica\/dsl 4,25 m, cable dsl 4 m, cable lan de 1.5 m, antenas lte, fuente de alimentaci\u00f3n, gu\u00eda r\u00e1pida de instalaci\u00f3n en espa\u00f1ol<\/p>\n\n\n\n<p><\/p>\n\n\n\n<h2 class=\"wp-block-heading\">Especificaciones t\u00e9cnicas<\/h2>\n\n\n\n<figure class=\"wp-block-table is-style-regular\"><table><tbody><tr><td>Marca<\/td><td>AVM<\/td><\/tr><tr><\/tr><tr><td>Fabricante<\/td><td>AVM<\/td><\/tr><tr><\/tr><tr><td>Modelo<\/td><td>20002818<\/td><\/tr><tr><\/tr><tr><td>Nombre del modelo<\/td><td>Fritz<\/td><\/tr><tr><\/tr><tr><td>Model Year<\/td><td>2017<\/td><\/tr><tr><\/tr><tr><td>Dimensiones del producto<\/td><td>4.8 x 18.4 x 25 cm; 1.23 kilogramos<\/td><\/tr><tr><\/tr><tr><td>N\u00famero de modelo del producto<\/td><td>20002818<\/td><\/tr><tr><\/tr><tr><td>N\u00famero de producto<\/td><td>20002818<\/td><\/tr><tr><\/tr><tr><td>Otras caracter\u00edsticas<\/td><td>Luces indicadoras., Conexi\u00f3n RDSI., Gesti\u00f3n basada en web<\/td><\/tr><tr><\/tr><tr><td>Componentes incluidos<\/td><td>1 x FRITZBox 6890 LTE, 1 x cable DSL, 1 x cable LAN, 1 x fuente de alimentaci\u00f3n, gu\u00eda r\u00e1pida de instalaci\u00f3n en Espa\u00f1ol<\/td><\/tr><tr><\/tr><tr><td>N\u00famero de productos<\/td><td>1<\/td><\/tr><tr><\/tr><tr><td>Compilador<\/td><td>Avm<\/td><\/tr><tr><\/tr><tr><td>Pantalla a color<\/td><td>No<\/td><\/tr><tr><\/tr><tr><td>Potencia el\u00e9ctrica<\/td><td>9.5 vatios<\/td><\/tr><tr><\/tr><tr><td>Fuente de alimentaci\u00f3n<\/td><td>Stecker-Typ C (EU)<\/td><\/tr><tr><\/tr><tr><td>Pilas \/ bater\u00edas incluidas<\/td><td>No<\/td><\/tr><tr><\/tr><tr><td>Pilas \/ bater\u00edas necesarias<\/td><td>No<\/td><\/tr><tr><\/tr><tr><td>Adaptador<\/td><td>Avm<\/td><\/tr><tr><\/tr><tr><td>Velocidad de transferencia de datos<\/td><td>1733 Megabits por segundo<\/td><\/tr><tr><\/tr><tr><td>Tipo de conexi\u00f3n inal\u00e1mbrica<\/td><td>802.11n, 802.11b, 802.11a, 802.11g<\/td><\/tr><tr><\/tr><tr><td>Descripci\u00f3n de la interfaz de red<\/td><td>Spanish<\/td><\/tr><tr><\/tr><tr><td>Protocolo de enlace de datos<\/td><td>IPv6, IPv4<\/td><\/tr><tr><\/tr><tr><td>N\u00famero de puertos<\/td><td>5<\/td><\/tr><tr><\/tr><tr><td>N\u00famero de puertos USB<\/td><td>1<\/td><\/tr><tr><\/tr><tr><td>Tipo de conector<\/td><td>ADSL\/\/VDSL, SIM, Ethernet<\/td><\/tr><tr><\/tr><tr><td>Soporta bandas de radio<\/td><td>Dual Band<\/td><\/tr><tr><\/tr><tr><\/tr><tr><\/tr><tr><\/tr><tr><\/tr><tr><td>Incluye bater\u00eda recargable<\/td><td>No<\/td><\/tr><tr><\/tr><tr><td>Compatible con tecnolog\u00eda Bluetooth<\/td><td>S\u00ed<\/td><\/tr><tr><\/tr><tr><td>Programable<\/td><td>No<\/td><\/tr><tr><\/tr><tr><td>Peso del producto<\/td><td>1.23 kg<\/td><\/tr><\/tbody><\/table><\/figure>\n\n\n\n<p><\/p>\n","protected":false},"excerpt":{"rendered":"<p><strong>Descubra el FRITZ!Box 6890<\/strong> LTE el nuevo lanzamiento de AVM. El nuevo \u201ctodo en uno\u201d de AVM incorpora un m\u00f3dem LTE para las bandas de frecuencia de 800, 900, 1800, 2100 y 2600 MHz un m\u00f3dem SIM\/VDSL\/ADSL2+ y una interfaz WAN Gigabit para la conectividad con un cable m\u00f3dem o un terminal de fibra \u00f3ptica.<\/p>\n","protected":false},"featured_media":6773,"comment_status":"open","ping_status":"closed","template":"","meta":[],"product_brand":[],"product_cat":[107],"product_tag":[108],"class_list":{"0":"post-6772","1":"product","2":"type-product","3":"status-publish","4":"has-post-thumbnail","6":"product_cat-routers-4g-5g","7":"product_tag-router","9":"first","10":"instock","11":"sale","12":"taxable","13":"shipping-taxable","14":"purchasable","15":"product-type-simple"},"bundled_by":[],"bundle_stock_status":"instock","bundle_stock_quantity":2,"bundle_virtual":false,"bundle_layout":"","bundle_add_to_cart_form_location":"","bundle_editable_in_cart":false,"bundle_sold_individually_context":"","bundle_item_grouping":"","bundle_min_size":"","bundle_max_size":"","bundle_price":[],"bundled_items":[],"bundle_sell_ids":[],"_links":{"self":[{"href":"https:\/\/antenasgsm.com\/tienda\/wp-json\/wp\/v2\/product\/6772","targetHints":{"allow":["GET"]}}],"collection":[{"href":"https:\/\/antenasgsm.com\/tienda\/wp-json\/wp\/v2\/product"}],"about":[{"href":"https:\/\/antenasgsm.com\/tienda\/wp-json\/wp\/v2\/types\/product"}],"replies":[{"embeddable":true,"href":"https:\/\/antenasgsm.com\/tienda\/wp-json\/wp\/v2\/comments?post=6772"}],"wp:featuredmedia":[{"embeddable":true,"href":"https:\/\/antenasgsm.com\/tienda\/wp-json\/wp\/v2\/media\/6773"}],"wp:attachment":[{"href":"https:\/\/antenasgsm.com\/tienda\/wp-json\/wp\/v2\/media?parent=6772"}],"wp:term":[{"taxonomy":"product_brand","embeddable":true,"href":"https:\/\/antenasgsm.com\/tienda\/wp-json\/wp\/v2\/product_brand?post=6772"},{"taxonomy":"product_cat","embeddable":true,"href":"https:\/\/antenasgsm.com\/tienda\/wp-json\/wp\/v2\/product_cat?post=6772"},{"taxonomy":"product_tag","embeddable":true,"href":"https:\/\/antenasgsm.com\/tienda\/wp-json\/wp\/v2\/product_tag?post=6772"}],"curies":[{"name":"wp","href":"https:\/\/api.w.org\/{rel}","templated":true}]}}