{"id":6699,"date":"2021-02-24T10:36:48","date_gmt":"2021-02-24T09:36:48","guid":{"rendered":"https:\/\/antenasgsm.com\/tienda\/?post_type=product&#038;p=6699"},"modified":"2025-07-07T11:00:08","modified_gmt":"2025-07-07T10:00:08","slug":"kit-amadeus-smart-2-bandas","status":"publish","type":"product","link":"https:\/\/antenasgsm.com\/tienda\/productos\/kit-amadeus-smart-2-bandas\/","title":{"rendered":"Kit Amadeus Smart 2 bandas rural"},"content":{"rendered":"\r\n<p>El amplificador <strong>Vectronics Amadeus Smart 2 bandas 23dBm 75dBi<\/strong> funciona con las principales operadoras espa\u00f1olas (Movistar, Vodafone, Orange, Yoigo\u2026).<\/p>\r\n\r\n\r\n\r\n<ul class=\"wp-block-list\">\r\n<li>Alta ganancia: <strong>75dBm<\/strong><\/li>\r\n<li><strong>ALC<\/strong> (Automatic Level Control)<\/li>\r\n<li><strong>AGC<\/strong> (Automatic Gain Control)<\/li>\r\n<li><strong>MGC<\/strong> (Manual Gain Control)<\/li>\r\n<li><strong>AID<\/strong> (Auto Isolation Detection)<\/li>\r\n<li>F\u00e1cil de instalar<\/li>\r\n<\/ul>\r\n\r\n\r\n\r\n<p>El amplificador Vectronics Amadeus Smart es una soluci\u00f3n ideal para peque\u00f1as y medianas empresas y usuarios dom\u00e9sticos que buscan mejorar la conectividad inal\u00e1mbrica en interiores.<\/p>\r\n\r\n\r\n\r\n<p>Incorpora el Control Autom\u00e1tico de Ganancia (AGC) para evitar que el Booster se sobre sature, manteniendo as\u00ed una alta calidad de voz y evitando agregar interferencias a la red.<\/p>\r\n\r\n\r\n\r\n<p>De f\u00e1cil instalaci\u00f3n, por lo que un usuario particular podr\u00e1 instalar el amplificador por s\u00ed mismos. No se necesita muchos conocimientos ni instrumentos profesionales. AntenasGSM siempre te dar\u00e1 soporte siempre que lo necesites.<\/p>\r\n\r\n\r\n\r\n<p>Este amplificador mejora las se\u00f1ales m\u00f3viles sin impacto negativo en la salud humana.<\/p>\r\n\r\n\r\n\r\n<h2 class=\"wp-block-heading\" id=\"que-bandas-amplifica\">\u00bfQu\u00e9 bandas amplifica?<\/h2>\r\n\r\n\r\n\r\n<figure class=\"wp-block-table\">\r\n<table>\r\n<thead>\r\n<tr>\r\n<th>Banda<\/th>\r\n<th>Descripci\u00f3n<\/th>\r\n<\/tr>\r\n<\/thead>\r\n<tbody>\r\n<tr>\r\n<td><strong><mark class=\"has-inline-color has-dark-color\" style=\"background-color: rgba(0, 0, 0, 0);\">Banda 20 (800)<\/mark><\/strong><\/td>\r\n<td>791- 862MHz. LTE 4G<\/td>\r\n<\/tr>\r\n<tr>\r\n<td><strong><mark class=\"has-inline-color has-dark-color\" style=\"background-color: rgba(0, 0, 0, 0);\">Banda 8 (900)<\/mark><\/strong><\/td>\r\n<td>880 \u2013 915Mhz (900 EGSM). Llamadas todos los operadores. 3G con todos los operadores. Dispone de E-GSM.<\/td>\r\n<\/tr>\r\n<\/tbody>\r\n<\/table>\r\n<\/figure>\r\n\r\n\r\n\r\n<h2 class=\"wp-block-heading\" id=\"resumen-bandas-cobertura-movil\">Resumen bandas cobertura m\u00f3vil<\/h2>\r\n\r\n\r\n\r\n<figure class=\"wp-block-table\">\r\n<table>\r\n<thead>\r\n<tr>\r\n<th>Operadora<\/th>\r\n<th class=\"has-text-align-center\" data-align=\"center\">4G 800mhz<\/th>\r\n<th class=\"has-text-align-center\" data-align=\"center\">Llamadas 900mhz<\/th>\r\n<th class=\"has-text-align-center\" data-align=\"center\">Datos 3G 900mhz<\/th>\r\n<\/tr>\r\n<\/thead>\r\n<tbody>\r\n<tr>\r\n<td><strong><span class=\"has-inline-color has-dark-color\">Movistar<\/span><\/strong><\/td>\r\n<td class=\"has-text-align-center\" data-align=\"center\">v<\/td>\r\n<td class=\"has-text-align-center\" data-align=\"center\">v<\/td>\r\n<td class=\"has-text-align-center\" data-align=\"center\">v<\/td>\r\n<\/tr>\r\n<tr>\r\n<td><strong><span class=\"has-inline-color has-dark-color\">Vodafone<\/span><\/strong><\/td>\r\n<td class=\"has-text-align-center\" data-align=\"center\">v<\/td>\r\n<td class=\"has-text-align-center\" data-align=\"center\">v<\/td>\r\n<td class=\"has-text-align-center\" data-align=\"center\">v<\/td>\r\n<\/tr>\r\n<tr>\r\n<td><strong><span class=\"has-inline-color has-dark-color\">Orange<\/span><\/strong><\/td>\r\n<td class=\"has-text-align-center\" data-align=\"center\">v<\/td>\r\n<td class=\"has-text-align-center\" data-align=\"center\">v<\/td>\r\n<td class=\"has-text-align-center\" data-align=\"center\">v<\/td>\r\n<\/tr>\r\n<tr>\r\n<td><strong><span class=\"has-inline-color has-dark-color\">Yoigo<\/span><\/strong><\/td>\r\n<td class=\"has-text-align-center\" data-align=\"center\">v<\/td>\r\n<td class=\"has-text-align-center\" data-align=\"center\">v<\/td>\r\n<td class=\"has-text-align-center\" data-align=\"center\">v<\/td>\r\n<\/tr>\r\n<\/tbody>\r\n<\/table>\r\n<\/figure>\r\n\r\n\r\n\r\n<h2 class=\"wp-block-heading\" id=\"que-incluye\">\u00bfQu\u00e9 incluye?<\/h2>\r\n\r\n\r\n\r\n<figure class=\"wp-block-table\">\r\n<table>\r\n<thead>\r\n<tr>\r\n<th class=\"has-text-align-center\" data-align=\"center\">Uds<\/th>\r\n<th>Producto<\/th>\r\n<\/tr>\r\n<\/thead>\r\n<tbody>\r\n<tr>\r\n<td class=\"has-text-align-center\" data-align=\"center\">1 ud.<\/td>\r\n<td><strong>Amplificador:<\/strong> Vectronics Amadeus Smart 2 bandas 23dbm 75dB<\/td>\r\n<\/tr>\r\n<tr>\r\n<td class=\"has-text-align-center\" data-align=\"center\">0 &#8211; 1 ud.<\/td>\r\n<td><strong>Antena Exterior: <\/strong>seleccionada en el configurador<br \/>Modelos disponibles para este kit:<br \/><a href=\"https:\/\/antenasgsm.com\/tienda\/productos\/antenas-exteriores\/antena-exterior-12dbi-omnidireccional\/\" data-type=\"product\" data-id=\"5568\">Omnidireccional<\/a> \/ <a href=\"https:\/\/antenasgsm.com\/tienda\/productos\/antena-exterior-direccional-12dbi\/\" data-type=\"product\" data-id=\"5546\">Direccional 12dbi<\/a><\/td>\r\n<\/tr>\r\n<tr>\r\n<td class=\"has-text-align-center\" data-align=\"center\">0 &#8211; 3 uds.<\/td>\r\n<td><strong>Antena(s) interior(es):<\/strong> Seleccionada(s) en el configurador<br \/>Modelos disponibles para este kit:<br \/><a href=\"https:\/\/antenasgsm.com\/tienda\/productos\/antenas-interiores\/antena-interior-panel-cuadrado-8dbi-800-2700mhz\/\" data-type=\"product\" data-id=\"6568\">Panel de pared 8dbi<\/a> \/ <a href=\"https:\/\/antenasgsm.com\/tienda\/productos\/antenas-interiores\/antena-interior-8dbi-frecuencia-800-2700mhz\/\" data-type=\"product\" data-id=\"5605\">Cono falso techo 8dbi<\/a> \/ <a href=\"https:\/\/antenasgsm.com\/tienda\/productos\/antena-interior-5dbi-700-2700mhz\/\" data-type=\"product\" data-id=\"6541\">palo 12dbi<\/a><\/td>\r\n<\/tr>\r\n<tr>\r\n<td class=\"has-text-align-center\" data-align=\"center\">1-70m<\/td>\r\n<td><strong>Modelo y longitud de cable para la antena exterior e interior(es):<\/strong> seleccionado en el configurador<br \/>Modelos disponibles para este kit: <br \/>&#8211; Cable <a href=\"https:\/\/antenasgsm.com\/tienda\/productos\/cables-y-montaje\/cables\/cable-calidad-premium\/cable-lmr-400-a-medida\/\" data-type=\"product\" data-id=\"6587\">LMR-400<\/a> (de calidad premium de muy poca p\u00e9rdida de se\u00f1al)<\/td>\r\n<\/tr>\r\n<tr>\r\n<td class=\"has-text-align-center\" data-align=\"center\">&#8211;<\/td>\r\n<td><strong><strong>Adaptadores y conectores varios<\/strong>:<br \/><\/strong>&#8211; Se inclir\u00e1n los conectores necesarios para que funcione el kit.<br \/>&#8211; Splitters totalmente GRATIS en el caso de seleccionar varias antenas interiores.<\/td>\r\n<\/tr>\r\n<\/tbody>\r\n<\/table>\r\n<\/figure>\r\n","protected":false},"excerpt":{"rendered":"[agsm_product_details]Ideal para negocios y viviendas de mediana superf\u00edcie.[\/agsm_product_details]\n","protected":false},"featured_media":8727,"comment_status":"open","ping_status":"closed","template":"","meta":[],"product_brand":[],"product_cat":[246],"product_tag":[318,106,319,285,266,300,304,268,306,303,269,307],"class_list":{"0":"post-6699","1":"product","2":"type-product","3":"status-publish","4":"has-post-thumbnail","6":"product_cat-kits-amplificadores-configurables-cobertura","7":"product_tag-23dbm","8":"product_tag-4g","9":"product_tag-75db","10":"product_tag-285","11":"product_tag-266","12":"product_tag-egsm","13":"product_tag-llamadas","14":"product_tag-movistar","15":"product_tag-orange","16":"product_tag-thor","17":"product_tag-vodafone","18":"product_tag-yoigo","19":"pa_tamano-casa-grande","20":"pa_tamano-casa-muy-grande","21":"pa_tecnologia-que-amplifica-3g","22":"pa_tecnologia-que-amplifica-4g","23":"pa_tecnologia-que-amplifica-5g","24":"pa_tecnologia-que-amplifica-voz","26":"first","27":"instock","28":"sale","29":"taxable","30":"shipping-taxable","31":"purchasable","32":"product-type-composite"},"bundled_by":[],"bundle_stock_status":"instock","bundle_stock_quantity":null,"bundle_virtual":false,"bundle_layout":"","bundle_add_to_cart_form_location":"","bundle_editable_in_cart":false,"bundle_sold_individually_context":"","bundle_item_grouping":"","bundle_min_size":"","bundle_max_size":"","bundle_price":[],"bundled_items":[],"bundle_sell_ids":[],"_links":{"self":[{"href":"https:\/\/antenasgsm.com\/tienda\/wp-json\/wp\/v2\/product\/6699","targetHints":{"allow":["GET"]}}],"collection":[{"href":"https:\/\/antenasgsm.com\/tienda\/wp-json\/wp\/v2\/product"}],"about":[{"href":"https:\/\/antenasgsm.com\/tienda\/wp-json\/wp\/v2\/types\/product"}],"replies":[{"embeddable":true,"href":"https:\/\/antenasgsm.com\/tienda\/wp-json\/wp\/v2\/comments?post=6699"}],"wp:featuredmedia":[{"embeddable":true,"href":"https:\/\/antenasgsm.com\/tienda\/wp-json\/wp\/v2\/media\/8727"}],"wp:attachment":[{"href":"https:\/\/antenasgsm.com\/tienda\/wp-json\/wp\/v2\/media?parent=6699"}],"wp:term":[{"taxonomy":"product_brand","embeddable":true,"href":"https:\/\/antenasgsm.com\/tienda\/wp-json\/wp\/v2\/product_brand?post=6699"},{"taxonomy":"product_cat","embeddable":true,"href":"https:\/\/antenasgsm.com\/tienda\/wp-json\/wp\/v2\/product_cat?post=6699"},{"taxonomy":"product_tag","embeddable":true,"href":"https:\/\/antenasgsm.com\/tienda\/wp-json\/wp\/v2\/product_tag?post=6699"}],"curies":[{"name":"wp","href":"https:\/\/api.w.org\/{rel}","templated":true}]}}