{"id":5546,"date":"2020-10-24T15:28:47","date_gmt":"2020-10-24T14:28:47","guid":{"rendered":"https:\/\/beta.antenasgsm.com\/tienda\/product\/amplificador-de-senal-wifi-macho-4g-25dbi-sma-cable-de-ordenador-direccional-inalambrico-accesorios-para-exteriores-modem-de-antena-yagi-rg58-15-m\/"},"modified":"2026-01-02T13:19:23","modified_gmt":"2026-01-02T12:19:23","slug":"antena-exterior-direccional-12dbi","status":"publish","type":"product","link":"https:\/\/antenasgsm.com\/tienda\/productos\/antena-exterior-direccional-12dbi\/","title":{"rendered":"Antena exterior direccional"},"content":{"rendered":"\n<h3 class=\"wp-block-heading\" id=\"tienes-poca-senal-de-movil-en-exterior\"><strong>\u00bf Tienes poca se\u00f1al de m\u00f3vil en exterior ?&nbsp;<\/strong><\/h3>\n\n\n\n<p>Con esta antena de <strong>AntenasGSM<\/strong>, podr\u00e1s disfruta de mayor cobertura m\u00f3bil en su casa o negocio.<\/p>\n\n\n\n<p>Esta antena es direccional, lo que significa que debe enfocarla hacia la torre de telefon\u00eda de su operadora m\u00e1s cercana.<\/p>\n\n\n\n<p>Recuerde que se necesita un amplificador de se\u00f1al. Ver aqui <a href=\"https:\/\/antenasgsm.com\/tienda\/categoria\/amplificadores\/\" data-type=\"URL\" data-id=\"https:\/\/antenasgsm.com\/tienda\/categoria\/amplificadores\/\">nuestros amplificadores<\/a><\/p>\n\n\n\n<p>Caracter\u00edsticas antena exterior 12dBi<\/p>\n\n\n\n<p>Potencia ganancia: 12dBi<\/p>\n\n\n\n<p>Tipo conector: N hembra<\/p>\n\n\n\n<p>Frecuencia: 700 &#8211; 2700Mhz<\/p>\n\n\n\n<p><\/p>\n","protected":false},"excerpt":{"rendered":"<p>\u00bf Tienes poca se\u00f1al de m\u00f3vil en exterior ?&nbsp; Con esta antena de AntenasGSM, podr\u00e1s disfruta de mayor cobertura m\u00f3bil en su casa o negocio. Esta antena es direccional, lo que significa que debe enfocarla hacia la torre de telefon\u00eda de su operadora m\u00e1s cercana. Recuerde que se necesita un amplificador de se\u00f1al. Ver aqui&#8230;<\/p>\n","protected":false},"featured_media":7760,"comment_status":"open","ping_status":"closed","template":"","meta":[],"product_brand":[],"product_cat":[26],"product_tag":[116,104,105,106,114,117,115],"class_list":{"0":"post-5546","1":"product","2":"type-product","3":"status-publish","4":"has-post-thumbnail","6":"product_cat-antenas-exteriores","7":"product_tag-28dbi","8":"product_tag-2g","9":"product_tag-3g","10":"product_tag-4g","11":"product_tag-antena","12":"product_tag-dbi","13":"product_tag-exterior","15":"first","16":"onbackorder","17":"sale","18":"taxable","19":"shipping-taxable","20":"purchasable","21":"product-type-simple"},"bundled_by":["7934","7934","8804"],"bundle_stock_status":"onbackorder","bundle_stock_quantity":-55,"bundle_virtual":false,"bundle_layout":"","bundle_add_to_cart_form_location":"","bundle_editable_in_cart":false,"bundle_sold_individually_context":"","bundle_item_grouping":"","bundle_min_size":"","bundle_max_size":"","bundle_price":[],"bundled_items":[],"bundle_sell_ids":[],"_links":{"self":[{"href":"https:\/\/antenasgsm.com\/tienda\/wp-json\/wp\/v2\/product\/5546","targetHints":{"allow":["GET"]}}],"collection":[{"href":"https:\/\/antenasgsm.com\/tienda\/wp-json\/wp\/v2\/product"}],"about":[{"href":"https:\/\/antenasgsm.com\/tienda\/wp-json\/wp\/v2\/types\/product"}],"replies":[{"embeddable":true,"href":"https:\/\/antenasgsm.com\/tienda\/wp-json\/wp\/v2\/comments?post=5546"}],"wp:featuredmedia":[{"embeddable":true,"href":"https:\/\/antenasgsm.com\/tienda\/wp-json\/wp\/v2\/media\/7760"}],"wp:attachment":[{"href":"https:\/\/antenasgsm.com\/tienda\/wp-json\/wp\/v2\/media?parent=5546"}],"wp:term":[{"taxonomy":"product_brand","embeddable":true,"href":"https:\/\/antenasgsm.com\/tienda\/wp-json\/wp\/v2\/product_brand?post=5546"},{"taxonomy":"product_cat","embeddable":true,"href":"https:\/\/antenasgsm.com\/tienda\/wp-json\/wp\/v2\/product_cat?post=5546"},{"taxonomy":"product_tag","embeddable":true,"href":"https:\/\/antenasgsm.com\/tienda\/wp-json\/wp\/v2\/product_tag?post=5546"}],"curies":[{"name":"wp","href":"https:\/\/api.w.org\/{rel}","templated":true}]}}