{"id":10246,"date":"2025-08-04T15:13:04","date_gmt":"2025-08-04T14:13:04","guid":{"rendered":"https:\/\/antenasgsm.com\/tienda\/?post_type=product&#038;p=10246"},"modified":"2025-12-12T21:43:25","modified_gmt":"2025-12-12T20:43:25","slug":"vectronics-antena-router-5g-16dbi-700-2700mhz","status":"publish","type":"product","link":"https:\/\/antenasgsm.com\/tienda\/productos\/vectronics-antena-router-5g-16dbi-700-2700mhz\/","title":{"rendered":"Vectronics antena router 5G 16dBi (700 &#8211; 2700Mhz)"},"content":{"rendered":"\r\n<p><strong>Adecuado para zonas de baja cobertura <\/strong>y todas aquellas situaciones en las que sea necesario optimizar las velocidades de conexi\u00f3n del router: casas de campo, casas de baja cobertura, planta baja, etc. Mejora la recepci\u00f3n \/ transmisi\u00f3n en todas las frecuencias a las que se puede conectar nuestro router: 700\/800\/900\/1800\/2100\/2500\/2600\/2700 MHz.<\/p>\r\n\r\n\r\n\r\n<p>Mejora enormemente la velocidad de carga y descarga 5G \/ 4G \/ 3G de nuestro enrutador. Una vez conectado veremos aumentar la velocidad de navegaci\u00f3n. Adecuado para cualquier lugar donde la cobertura dentro de la casa sea d\u00e9bil o inestable. La antena utiliza la tecnolog\u00eda MIMO (Multiple Input \/ Multiple Output) para lograr las mejores relaciones de velocidad de carga y descarga.<\/p>\r\n\r\n\r\n\r\n<p>H\u00edbrida:\u00a0<strong>Direccional\/Omnidireccional (100\u00ba<\/strong>)<br \/>Distancia a la antena de telefon\u00eda:\u00a0<strong>Media-larga<\/strong><br \/>Entorno preferente:\u00a0<strong>Semiurbano<\/strong><br \/>Dificultad instalaci\u00f3n:\u00a0<strong>F\u00e1cil<\/strong><br \/>Versatilidad:\u00a0<strong>Alta<br \/><\/strong>Longitud cable: <strong>5 mts<\/strong><br \/>Amplifica:\u00a0<strong>3G, 4G y 5G<\/strong><br \/>Colocaci\u00f3n:\u00a0<strong>M\u00e1stil o pared exterior<\/strong><\/p>\r\n<p>Funciona con todos los modelos con conexiones de antena SMA: Movistar Radio, Orange 5G h\u00edbrido. Algunos de los enrutadores compatibles: ZTE MF28G, ZTE MF29T, ZTE MF29S2, ZTE MF28D HUAWEI E5186, HUAWEI B890, HUAWEI B593U-12, HUAWEI B315, B593S-22, HUAWEI B593UWA-91, HUA3UWA-91I HUAUWAFEI B593U-91, HUAUWAFEI B593U-91, HUAUWAFEI B593U-91, HUAUWAFEI B593U-91, HUAUWAFEI B593U-91, HUAUWAFEI B593U-91, HUAUWAFEI B593U-91, BUA593UWA-91, HUAUWAFEI B593U-91, BUA593UWA-91 HUAUWAFEI B593U-91, HUAUWAFEI B593U-91-91, HUAWAFEI E175 B1000<\/p>\r\n\r\n\r\n\r\n<p>La antena viene con 2 cables de 3 metros cada uno para facilitar el paso del cable a trav\u00e9s de paredes y \/ o canales. El grosor de los dos cables juntos es similar al de un cable coaxial de TV, por lo que podemos utilizar las bandejas de cables existentes para tender el cable desde el exterior hacia el interior de la casa.<\/p>\r\n\r\n\r\n\r\n<p>Se instala en el exterior de la casa sobre un poste u otro soporte. Hecho de material altamente resistente a la intemperie y completamente herm\u00e9tico. Antena preparada para los elementos. Se suministra con soportes de eje.<\/p>\r\n\r\n\r\n\r\n<p>&nbsp;<\/p>\r\n\r\n\r\n\r\n<figure class=\"wp-block-table is-style-regular\">\r\n<table>\r\n<tbody>\r\n<tr>\r\n<td>Rango de frecuencia (MHz)<\/td>\r\n<td>700 &#8211; 2700<\/td>\r\n<\/tr>\r\n<tr>\r\n<td>Ganancia (dBi)<\/td>\r\n<td>2x8dBi<\/td>\r\n<\/tr>\r\n<tr>\r\n<td>Tipo de conector de entrada<\/td>\r\n<td>2 x SMA macho<\/td>\r\n<\/tr>\r\n<tr>\r\n<td>Dimensiones\u00a0antena<\/td>\r\n<td>260 mm * 172 mm * 60 mm<\/td>\r\n<\/tr>\r\n<tr>\r\n<td>Peso<\/td>\r\n<td>1 Kg.<\/td>\r\n<\/tr>\r\n<tr>\r\n<td>Color<\/td>\r\n<td>Blanco<\/td>\r\n<\/tr>\r\n<tr>\r\n<td>Rango funcionamiento<\/td>\r\n<td>-40\u00baC ~ 60 \u00baC<\/td>\r\n<\/tr>\r\n<tr>\r\n<td>Compatible MIMO<\/td>\r\n<td>S\u00ed<\/td>\r\n<\/tr>\r\n<tr>\r\n<td>Longitud de los 2 cables<\/td>\r\n<td>5 metros cada cable<\/td>\r\n<\/tr>\r\n<\/tbody>\r\n<\/table>\r\n<\/figure>\r\n\r\n\r\n\r\n<p>&nbsp;<\/p>\r\n","protected":false},"excerpt":{"rendered":"<p>La antena semidireccional con MIMO es un h\u00edbrido entre la direccional y la omnidireccional. Se coloca en la pared exterior orientada hacia la torre de telefon\u00eda, y sirve tanto para entornos urbanos como rurales si la torre de telefon\u00eda no est\u00e1 a m\u00e1s de 5 km de distancia. Se suministra con cables de 5 metros que opcionalmente se pueden ampliar hasta los 15 metros, siendo este el m\u00e1ximo recomendable. Si necesitas confirmar que tu router es compatible con el conector que lleva la antena, o quieres alg\u00fan conector espec\u00edfico nos puedes enviar una foto del conector de tu router.<\/p>\n","protected":false},"featured_media":6908,"comment_status":"open","ping_status":"closed","template":"","meta":[],"product_brand":[],"product_cat":[331],"product_tag":[341,106,114,342],"class_list":{"0":"post-10246","1":"product","2":"type-product","3":"status-publish","4":"has-post-thumbnail","6":"product_cat-antenas-routers-4g","7":"product_tag-16dbi","8":"product_tag-4g","9":"product_tag-antena","10":"product_tag-dos-antenas","12":"first","13":"onbackorder","14":"sale","15":"taxable","16":"shipping-taxable","17":"purchasable","18":"product-type-simple"},"bundled_by":[],"bundle_stock_status":"onbackorder","bundle_stock_quantity":-6,"bundle_virtual":false,"bundle_layout":"","bundle_add_to_cart_form_location":"","bundle_editable_in_cart":false,"bundle_sold_individually_context":"","bundle_item_grouping":"","bundle_min_size":"","bundle_max_size":"","bundle_price":[],"bundled_items":[],"bundle_sell_ids":[],"_links":{"self":[{"href":"https:\/\/antenasgsm.com\/tienda\/wp-json\/wp\/v2\/product\/10246","targetHints":{"allow":["GET"]}}],"collection":[{"href":"https:\/\/antenasgsm.com\/tienda\/wp-json\/wp\/v2\/product"}],"about":[{"href":"https:\/\/antenasgsm.com\/tienda\/wp-json\/wp\/v2\/types\/product"}],"replies":[{"embeddable":true,"href":"https:\/\/antenasgsm.com\/tienda\/wp-json\/wp\/v2\/comments?post=10246"}],"wp:featuredmedia":[{"embeddable":true,"href":"https:\/\/antenasgsm.com\/tienda\/wp-json\/wp\/v2\/media\/6908"}],"wp:attachment":[{"href":"https:\/\/antenasgsm.com\/tienda\/wp-json\/wp\/v2\/media?parent=10246"}],"wp:term":[{"taxonomy":"product_brand","embeddable":true,"href":"https:\/\/antenasgsm.com\/tienda\/wp-json\/wp\/v2\/product_brand?post=10246"},{"taxonomy":"product_cat","embeddable":true,"href":"https:\/\/antenasgsm.com\/tienda\/wp-json\/wp\/v2\/product_cat?post=10246"},{"taxonomy":"product_tag","embeddable":true,"href":"https:\/\/antenasgsm.com\/tienda\/wp-json\/wp\/v2\/product_tag?post=10246"}],"curies":[{"name":"wp","href":"https:\/\/api.w.org\/{rel}","templated":true}]}}