{"id":6390,"date":"2020-12-26T12:16:02","date_gmt":"2020-12-26T11:16:02","guid":{"rendered":"https:\/\/antenasgsm.com\/tienda\/?page_id=6390"},"modified":"2022-01-25T06:44:01","modified_gmt":"2022-01-25T05:44:01","slug":"aviso-legal","status":"publish","type":"page","link":"https:\/\/antenasgsm.com\/tienda\/aviso-legal\/","title":{"rendered":"Aviso legal"},"content":{"rendered":"\n<h1 class=\"wp-block-heading\">Aviso legal<\/h1>\n\n\n\n<h3 class=\"wp-block-heading\">Datos identificativos<\/h3>\n\n\n\n<p>En cumplimiento con el deber de informaci\u00f3n recogido en art\u00edculo 10 de la Ley 34\/2002, de 11 de julio, de Servicios de la Sociedad de la Informaci\u00f3n y del Comercio Electr\u00f3nico, le informamos:<\/p>\n\n\n\n<p>AntenasGSM Tienda se dedica a la venta de amplificadores y accesorios destinados a mejorar la cobertura GSM.<\/p>\n\n\n\n<p>AntenasGSM Tienda es la marca comercial desde la que Aleix Pellicer Garcia con NIF\/CIF 47746319K y domicilio en AVINGUDA CATALUNYA 69, c\u00f3digo postal 08811 de Canyelles, provincia de Barcelona (Espa\u00f1a) realiza la actividad comercial.<\/p>\n\n\n\n<p>Otros datos de contacto que ponemos a su disposici\u00f3n:<\/p>\n\n\n\n<ul class=\"wp-block-list\"><li>Tel\u00e9fono de contacto: <a rel=\"noreferrer noopener\" href=\"tel:644171058\" data-type=\"tel\" target=\"_blank\">644 171 058<\/a><\/li><li>Email de contacto: <a href=\"mailto:info@antenasgsm.com\" target=\"_blank\" rel=\"noreferrer noopener\">info@antenasgsm.com<\/a><\/li><\/ul>\n\n\n\n<h3 class=\"wp-block-heading\">Usuarios<\/h3>\n\n\n\n<p>El acceso y\/o uso de este portal atribuye la condici\u00f3n de USUARIO, que acepta, desde dicho acceso y\/o uso, las Condiciones Generales de Uso aqu\u00ed reflejadas. Las citadas Condiciones ser\u00e1n de aplicaci\u00f3n independientemente de las Condiciones Generales de Contrataci\u00f3n que en su caso resulten de obligado cumplimiento.<\/p>\n\n\n\n<h3 class=\"wp-block-heading\">Uso del portal<\/h3>\n\n\n\n<p>www.antenasgsm.com\/tienda proporciona el acceso a multitud de productos, informaciones, servicios, programas o datos (en adelante, &#8220;los contenidos&#8221;) en Internet pertenecientes a AntenasGSM Tienda, o a terceros a los que el USUARIO puede tener acceso. El USUARIO asume la responsabilidad del uso del portal. Dicha responsabilidad se extiende al registro que fuese necesario para acceder a determinados servicios o contenidos. En dicho registro el USUARIO ser\u00e1 responsable de aportar informaci\u00f3n veraz y l\u00edcita. Como consecuencia de este registro, al USUARIO se le puede proporcionar una contrase\u00f1a de la que ser\u00e1 responsable, comprometi\u00e9ndose a hacer un uso diligente y confidencial de la misma. El USUARIO se compromete a hacer un uso adecuado de los contenidos y servicios que AntenasGSM Tienda ofrece a trav\u00e9s de su portal y con car\u00e1cter enunciativo pero no limitativo, a no emplearlos para:<\/p>\n\n\n\n<ul class=\"wp-block-list\"><li>Incurrir en actividades il\u00edcitas, ilegales o contrarias a la buena fe y al orden p\u00fablico.<\/li><li>Difundir contenidos o propaganda de car\u00e1cter racista, xen\u00f3fobo, pornogr\u00e1fico ilegal, de apolog\u00eda del terrorismo o atentatorio contra los derechos humanos.<\/li><li>Provocar da\u00f1os en los sistemas f\u00edsicos y l\u00f3gicos de AntenasGSM Tienda, de sus proveedores o de terceras personas, introducir o difundir en la red virus inform\u00e1ticos o cualesquiera otros sistemas f\u00edsicos o l\u00f3gicos que sean susceptibles de provocar los da\u00f1os anteriormente mencionados;<\/li><li>Intentar acceder y, en su caso, utilizar las cuentas de correo electr\u00f3nico de otros usuarios y modificar o manipular sus mensajes.<\/li><\/ul>\n\n\n\n<h3 class=\"wp-block-heading\">Propiedad Intelectual e Industrial<\/h3>\n\n\n\n<p>Todos los signos distintivos, marcas, nombres comerciales, contenidos, estructura, dise\u00f1o y forma de presentaci\u00f3n de los elementos y cualquier otra informaci\u00f3n que aparezca en este sitio Web son propiedad de AntenasGSM Tienda por s\u00ed o como cesionaria y est\u00e1n protegidos por los derechos de propiedad industrial e intelectual.<\/p>\n\n\n\n<p>El usuario tiene prohibida la reproducci\u00f3n, transformaci\u00f3n, distribuci\u00f3n, comunicaci\u00f3n p\u00fablica y, en general cualquier otra forma de explotaci\u00f3n de los elementos referidos en el apartado anterior sin autorizaci\u00f3n expresa de AntenasGSM Tienda.<\/p>\n\n\n\n<p>El usuario se abstendr\u00e1 de emplear medios que puedan suprimir, alterar, eludir o manipular cualesquiera dispositivos de protecci\u00f3n o sistemas de seguridad que puedan estar instalados y que comporten un riesgo o da\u00f1o o inutilizaci\u00f3n del sitio Web y\/o sus contenidos.<\/p>\n\n\n\n<p>AntenasGSM Tienda no se responsabiliza del posible uso inapropiado que terceros realicen de esta p\u00e1gina Web, ni de la informaci\u00f3n que a trav\u00e9s de ella transmitan a terceros. El uso de los contenidos que pueda hacer el usuario y las eventuales consecuencias, da\u00f1os o perjuicios que pudiesen derivarse, son de la exclusiva responsabilidad del usuario. AntenasGSM Tienda se excluye por los da\u00f1os y perjuicios de toda naturaleza causados a los usuarios por el uso de enlaces (links), directorios y herramientas de b\u00fasqueda, que permiten a los usuarios acceder a sitios Web pertenecientes y\/o gestionados por terceros as\u00ed como de la presencia de virus u otros c\u00f3digos maliciosos en los contenidos que puedan producir cualquier tipo de da\u00f1os en el sistema inform\u00e1tico, documentos electr\u00f3nicos o ficheros de los usuarios. AntenasGSM Tienda se reserva el derecho de ejercitar las acciones legales que considere oportunas derivadas de cualesquiera usos il\u00edcitos por parte de terceros de los contenidos de su p\u00e1gina web.<\/p>\n\n\n\n<h3 class=\"wp-block-heading\">Exclusi\u00f3n de garant\u00edas y responsabilidad<\/h3>\n\n\n\n<p>AntenasGSM Tienda no se hace responsable, en ning\u00fan caso, de los da\u00f1os y perjuicios de cualquier naturaleza que pudieran ocasionar, a t\u00edtulo enunciativo: errores u omisiones en los contenidos, falta de disponibilidad del portal o la transmisi\u00f3n de virus o programas maliciosos o lesivos en los contenidos, a pesar de haber adoptado todas las medidas tecnol\u00f3gicas necesarias para evitarlo.<\/p>\n\n\n\n<h3 class=\"wp-block-heading\">Modificaciones<\/h3>\n\n\n\n<p>AntenasGSM Tienda se reserva el derecho de efectuar sin previo aviso las modificaciones que considere oportunas en su portal, pudiendo cambiar, suprimir o a\u00f1adir tanto los contenidos y servicios que se presten a trav\u00e9s de la misma como la forma en la que \u00e9stos aparezcan presentados o localizados en su portal.<\/p>\n\n\n\n<h3 class=\"wp-block-heading\">Enlaces<\/h3>\n\n\n\n<p>En el caso de que en nombre del dominio se dispusiesen enlaces o hiperv\u00ednculos hac\u00eda otros sitios de Internet, AntenasGSM Tienda no ejercer\u00e1 ning\u00fan tipo de control sobre dichos sitios y contenidos. En ning\u00fan caso AntenasGSM Tienda asumir\u00e1 responsabilidad alguna por los contenidos de alg\u00fan enlace perteneciente a un sitio web ajeno, ni garantizar\u00e1 la disponibilidad t\u00e9cnica, calidad, fiabilidad, exactitud, amplitud, veracidad, validez y constitucionalidad de cualquier material o informaci\u00f3n contenida en ninguno de dichos hiperv\u00ednculos u otros sitios de Internet. Igualmente la inclusi\u00f3n de estas conexiones externas no implicar\u00e1 ning\u00fan tipo de asociaci\u00f3n, fusi\u00f3n o participaci\u00f3n con las entidades conectadas.<\/p>\n\n\n\n<h3 class=\"wp-block-heading\">Acceso<\/h3>\n\n\n\n<p>AntenasGSM Tienda se reserva el derecho a denegar o retirar el acceso a portal y\/o los servicios ofrecidos sin necesidad de preaviso, a instancia propia o de un tercero, a aquellos usuarios que incumplan las Condiciones Generales de Uso.<\/p>\n\n\n\n<h3 class=\"wp-block-heading\">Derecho de exclusi\u00f3n<\/h3>\n\n\n\n<p>AntenasGSM Tienda se reserva el derecho a denegar o retirar el acceso a portal y\/o los servicios ofrecidos sin necesidad de preaviso, a instancia propia o de un tercero, a aquellos usuarios que incumplan las Condiciones Generales de Uso.<\/p>\n\n\n\n<h3 class=\"wp-block-heading\">Generalidades<\/h3>\n\n\n\n<p>AntenasGSM Tienda perseguir\u00e1 el incumplimiento de las condiciones as\u00ed como cualquier utilizaci\u00f3n indebida de su portal ejerciendo todas las acciones civiles y penales que le puedan corresponder en derecho.<\/p>\n\n\n\n<h3 class=\"wp-block-heading\">Modificaci\u00f3n de las presentes condiciones y duraci\u00f3n<\/h3>\n\n\n\n<p>AntenasGSM Tienda podr\u00e1 modificar en cualquier momento las condiciones aqu\u00ed determinadas, siendo debidamente publicadas como aqu\u00ed aparecen.<\/p>\n\n\n\n<h3 class=\"wp-block-heading\">Legislaci\u00f3n aplicable y jurisdicci\u00f3n<\/h3>\n\n\n\n<p>La relaci\u00f3n entre AntenasGSM Tienda y el USUARIO se regir\u00e1 por la normativa espa\u00f1ola vigente y cualquier controversia se someter\u00e1 a los Juzgados y Tribunales espa\u00f1oles.<\/p>\n\n\n\n<p>Resoluci\u00f3n de litigios en l\u00ednea en materia de consumo conforme al Art. 14.1 del Reglamento (UE) 524\/2013: La Comisi\u00f3n Europea facilita una plataforma de resoluci\u00f3n de litigios en l\u00ednea que se encuentra disponible en el siguiente enlace: http:\/\/ec.europa.eu\/consumers\/odr\/.<\/p>\n","protected":false},"excerpt":{"rendered":"<p>Aviso legal Datos identificativos En cumplimiento con el deber de informaci\u00f3n recogido en art\u00edculo 10 de la Ley 34\/2002, de 11 de julio, de Servicios de la Sociedad de la Informaci\u00f3n y del Comercio Electr\u00f3nico, le informamos: AntenasGSM Tienda se dedica a la venta de amplificadores y accesorios destinados a mejorar la cobertura GSM. AntenasGSM&#8230;<\/p>\n","protected":false},"author":1,"featured_media":0,"parent":0,"menu_order":0,"comment_status":"closed","ping_status":"closed","template":"","meta":{"footnotes":""},"class_list":["post-6390","page","type-page","status-publish","hentry"],"_links":{"self":[{"href":"https:\/\/antenasgsm.com\/tienda\/wp-json\/wp\/v2\/pages\/6390","targetHints":{"allow":["GET"]}}],"collection":[{"href":"https:\/\/antenasgsm.com\/tienda\/wp-json\/wp\/v2\/pages"}],"about":[{"href":"https:\/\/antenasgsm.com\/tienda\/wp-json\/wp\/v2\/types\/page"}],"author":[{"embeddable":true,"href":"https:\/\/antenasgsm.com\/tienda\/wp-json\/wp\/v2\/users\/1"}],"replies":[{"embeddable":true,"href":"https:\/\/antenasgsm.com\/tienda\/wp-json\/wp\/v2\/comments?post=6390"}],"version-history":[{"count":7,"href":"https:\/\/antenasgsm.com\/tienda\/wp-json\/wp\/v2\/pages\/6390\/revisions"}],"predecessor-version":[{"id":8156,"href":"https:\/\/antenasgsm.com\/tienda\/wp-json\/wp\/v2\/pages\/6390\/revisions\/8156"}],"wp:attachment":[{"href":"https:\/\/antenasgsm.com\/tienda\/wp-json\/wp\/v2\/media?parent=6390"}],"curies":[{"name":"wp","href":"https:\/\/api.w.org\/{rel}","templated":true}]}}